{"id":5722,"date":"2024-09-04T18:07:45","date_gmt":"2024-09-04T17:07:45","guid":{"rendered":"https:\/\/www.bisly.com\/intelligente-gebaudelosungen\/software\/installation-module"},"modified":"2024-09-21T17:25:24","modified_gmt":"2024-09-21T17:25:24","slug":"installationsmodul","status":"publish","type":"page","link":"https:\/\/www.bisly.com\/de\/intelligente-gebaudelosungen\/software\/installationsmodul","title":{"rendered":"Installationsmodul"},"content":{"rendered":"","protected":false},"excerpt":{"rendered":"","protected":false},"author":13,"featured_media":6069,"parent":5710,"menu_order":2,"comment_status":"closed","ping_status":"closed","template":"","meta":{"_acf_changed":false,"footnotes":""},"class_list":["post-5722","page","type-page","status-publish","has-post-thumbnail","hentry"],"acf":[],"yoast_head":"<!-- This site is optimized with the Yoast SEO Premium plugin v23.5 (Yoast SEO v27.6) - https:\/\/yoast.com\/product\/yoast-seo-premium-wordpress\/ -->\n<title>Installationsmodul - Bisly<\/title>\n<meta name=\"description\" content=\"Die Installationsmodule von Bisly \u00fcberzeugen durch hervorragende Konnektivit\u00e4t und bieten umfassende intelligente Geb\u00e4udeautomation\" \/>\n<meta name=\"robots\" content=\"index, follow, max-snippet:-1, max-image-preview:large, max-video-preview:-1\" \/>\n<link rel=\"canonical\" href=\"https:\/\/www.bisly.com\/de\/intelligente-gebaudelosungen\/software\/installationsmodul\" \/>\n<meta property=\"og:locale\" content=\"de_DE\" \/>\n<meta property=\"og:type\" content=\"article\" \/>\n<meta property=\"og:title\" content=\"Installationsmodul\" \/>\n<meta property=\"og:description\" content=\"Die Installationsmodule von Bisly \u00fcberzeugen durch hervorragende Konnektivit\u00e4t und bieten umfassende intelligente Geb\u00e4udeautomation\" \/>\n<meta property=\"og:url\" content=\"https:\/\/www.bisly.com\/de\/intelligente-gebaudelosungen\/software\/installationsmodul\" \/>\n<meta property=\"og:site_name\" content=\"Bisly\" \/>\n<meta property=\"article:publisher\" content=\"https:\/\/www.facebook.com\/bisly.tech\/\" \/>\n<meta property=\"article:modified_time\" content=\"2024-09-21T17:25:24+00:00\" \/>\n<meta name=\"twitter:card\" content=\"summary_large_image\" \/>\n<script type=\"application\/ld+json\" class=\"yoast-schema-graph\">{\"@context\":\"https:\\\/\\\/schema.org\",\"@graph\":[{\"@type\":\"WebPage\",\"@id\":\"https:\\\/\\\/www.bisly.com\\\/de\\\/intelligente-gebaudelosungen\\\/software\\\/installationsmodul\",\"url\":\"https:\\\/\\\/www.bisly.com\\\/de\\\/intelligente-gebaudelosungen\\\/software\\\/installationsmodul\",\"name\":\"Installationsmodul - Bisly\",\"isPartOf\":{\"@id\":\"https:\\\/\\\/www.bisly.com\\\/de#website\"},\"primaryImageOfPage\":{\"@id\":\"https:\\\/\\\/www.bisly.com\\\/de\\\/intelligente-gebaudelosungen\\\/software\\\/installationsmodul#primaryimage\"},\"image\":{\"@id\":\"https:\\\/\\\/www.bisly.com\\\/de\\\/intelligente-gebaudelosungen\\\/software\\\/installationsmodul#primaryimage\"},\"thumbnailUrl\":\"https:\\\/\\\/www.bisly.com\\\/wp-content\\\/uploads\\\/2024\\\/09\\\/installation-module@2x-1.png\",\"datePublished\":\"2024-09-04T17:07:45+00:00\",\"dateModified\":\"2024-09-21T17:25:24+00:00\",\"description\":\"Die Installationsmodule von Bisly \u00fcberzeugen durch hervorragende Konnektivit\u00e4t und bieten umfassende intelligente Geb\u00e4udeautomation\",\"breadcrumb\":{\"@id\":\"https:\\\/\\\/www.bisly.com\\\/de\\\/intelligente-gebaudelosungen\\\/software\\\/installationsmodul#breadcrumb\"},\"inLanguage\":\"de\",\"potentialAction\":[{\"@type\":\"ReadAction\",\"target\":[\"https:\\\/\\\/www.bisly.com\\\/de\\\/intelligente-gebaudelosungen\\\/software\\\/installationsmodul\"]}]},{\"@type\":\"ImageObject\",\"inLanguage\":\"de\",\"@id\":\"https:\\\/\\\/www.bisly.com\\\/de\\\/intelligente-gebaudelosungen\\\/software\\\/installationsmodul#primaryimage\",\"url\":\"https:\\\/\\\/www.bisly.com\\\/wp-content\\\/uploads\\\/2024\\\/09\\\/installation-module@2x-1.png\",\"contentUrl\":\"https:\\\/\\\/www.bisly.com\\\/wp-content\\\/uploads\\\/2024\\\/09\\\/installation-module@2x-1.png\",\"width\":1200,\"height\":984,\"caption\":\"automated system solutions\"},{\"@type\":\"BreadcrumbList\",\"@id\":\"https:\\\/\\\/www.bisly.com\\\/de\\\/intelligente-gebaudelosungen\\\/software\\\/installationsmodul#breadcrumb\",\"itemListElement\":[{\"@type\":\"ListItem\",\"position\":1,\"name\":\"Home\",\"item\":\"https:\\\/\\\/www.bisly.com\\\/de\"},{\"@type\":\"ListItem\",\"position\":2,\"name\":\"Intelligente L\u00f6sungen\",\"item\":\"https:\\\/\\\/www.bisly.com\\\/de\\\/intelligente-gebaudelosungen\"},{\"@type\":\"ListItem\",\"position\":3,\"name\":\"Software\",\"item\":\"https:\\\/\\\/www.bisly.com\\\/de\\\/intelligente-gebaudelosungen\\\/software\"},{\"@type\":\"ListItem\",\"position\":4,\"name\":\"Installationsmodul\"}]},{\"@type\":\"WebSite\",\"@id\":\"https:\\\/\\\/www.bisly.com\\\/de#website\",\"url\":\"https:\\\/\\\/www.bisly.com\\\/de\",\"name\":\"Bisly\",\"description\":\"\",\"publisher\":{\"@id\":\"https:\\\/\\\/www.bisly.com\\\/de#organization\"},\"potentialAction\":[{\"@type\":\"SearchAction\",\"target\":{\"@type\":\"EntryPoint\",\"urlTemplate\":\"https:\\\/\\\/www.bisly.com\\\/de?s={search_term_string}\"},\"query-input\":{\"@type\":\"PropertyValueSpecification\",\"valueRequired\":true,\"valueName\":\"search_term_string\"}}],\"inLanguage\":\"de\"},{\"@type\":\"Organization\",\"@id\":\"https:\\\/\\\/www.bisly.com\\\/de#organization\",\"name\":\"Bisly\",\"url\":\"https:\\\/\\\/www.bisly.com\\\/de\",\"logo\":{\"@type\":\"ImageObject\",\"inLanguage\":\"de\",\"@id\":\"https:\\\/\\\/www.bisly.com\\\/de#\\\/schema\\\/logo\\\/image\\\/\",\"url\":\"https:\\\/\\\/www.bisly.com\\\/wp-content\\\/uploads\\\/2024\\\/09\\\/bisly-logo.svg\",\"contentUrl\":\"https:\\\/\\\/www.bisly.com\\\/wp-content\\\/uploads\\\/2024\\\/09\\\/bisly-logo.svg\",\"width\":120,\"height\":41,\"caption\":\"Bisly\"},\"image\":{\"@id\":\"https:\\\/\\\/www.bisly.com\\\/de#\\\/schema\\\/logo\\\/image\\\/\"},\"sameAs\":[\"https:\\\/\\\/www.facebook.com\\\/bisly.tech\\\/\",\"https:\\\/\\\/ee.linkedin.com\\\/company\\\/bislytech\"]}]}<\/script>\n<!-- \/ Yoast SEO Premium plugin. -->","yoast_head_json":{"title":"Installationsmodul - Bisly","description":"Die Installationsmodule von Bisly \u00fcberzeugen durch hervorragende Konnektivit\u00e4t und bieten umfassende intelligente Geb\u00e4udeautomation","robots":{"index":"index","follow":"follow","max-snippet":"max-snippet:-1","max-image-preview":"max-image-preview:large","max-video-preview":"max-video-preview:-1"},"canonical":"https:\/\/www.bisly.com\/de\/intelligente-gebaudelosungen\/software\/installationsmodul","og_locale":"de_DE","og_type":"article","og_title":"Installationsmodul","og_description":"Die Installationsmodule von Bisly \u00fcberzeugen durch hervorragende Konnektivit\u00e4t und bieten umfassende intelligente Geb\u00e4udeautomation","og_url":"https:\/\/www.bisly.com\/de\/intelligente-gebaudelosungen\/software\/installationsmodul","og_site_name":"Bisly","article_publisher":"https:\/\/www.facebook.com\/bisly.tech\/","article_modified_time":"2024-09-21T17:25:24+00:00","twitter_card":"summary_large_image","schema":{"@context":"https:\/\/schema.org","@graph":[{"@type":"WebPage","@id":"https:\/\/www.bisly.com\/de\/intelligente-gebaudelosungen\/software\/installationsmodul","url":"https:\/\/www.bisly.com\/de\/intelligente-gebaudelosungen\/software\/installationsmodul","name":"Installationsmodul - Bisly","isPartOf":{"@id":"https:\/\/www.bisly.com\/de#website"},"primaryImageOfPage":{"@id":"https:\/\/www.bisly.com\/de\/intelligente-gebaudelosungen\/software\/installationsmodul#primaryimage"},"image":{"@id":"https:\/\/www.bisly.com\/de\/intelligente-gebaudelosungen\/software\/installationsmodul#primaryimage"},"thumbnailUrl":"https:\/\/www.bisly.com\/wp-content\/uploads\/2024\/09\/installation-module@2x-1.png","datePublished":"2024-09-04T17:07:45+00:00","dateModified":"2024-09-21T17:25:24+00:00","description":"Die Installationsmodule von Bisly \u00fcberzeugen durch hervorragende Konnektivit\u00e4t und bieten umfassende intelligente Geb\u00e4udeautomation","breadcrumb":{"@id":"https:\/\/www.bisly.com\/de\/intelligente-gebaudelosungen\/software\/installationsmodul#breadcrumb"},"inLanguage":"de","potentialAction":[{"@type":"ReadAction","target":["https:\/\/www.bisly.com\/de\/intelligente-gebaudelosungen\/software\/installationsmodul"]}]},{"@type":"ImageObject","inLanguage":"de","@id":"https:\/\/www.bisly.com\/de\/intelligente-gebaudelosungen\/software\/installationsmodul#primaryimage","url":"https:\/\/www.bisly.com\/wp-content\/uploads\/2024\/09\/installation-module@2x-1.png","contentUrl":"https:\/\/www.bisly.com\/wp-content\/uploads\/2024\/09\/installation-module@2x-1.png","width":1200,"height":984,"caption":"automated system solutions"},{"@type":"BreadcrumbList","@id":"https:\/\/www.bisly.com\/de\/intelligente-gebaudelosungen\/software\/installationsmodul#breadcrumb","itemListElement":[{"@type":"ListItem","position":1,"name":"Home","item":"https:\/\/www.bisly.com\/de"},{"@type":"ListItem","position":2,"name":"Intelligente L\u00f6sungen","item":"https:\/\/www.bisly.com\/de\/intelligente-gebaudelosungen"},{"@type":"ListItem","position":3,"name":"Software","item":"https:\/\/www.bisly.com\/de\/intelligente-gebaudelosungen\/software"},{"@type":"ListItem","position":4,"name":"Installationsmodul"}]},{"@type":"WebSite","@id":"https:\/\/www.bisly.com\/de#website","url":"https:\/\/www.bisly.com\/de","name":"Bisly","description":"","publisher":{"@id":"https:\/\/www.bisly.com\/de#organization"},"potentialAction":[{"@type":"SearchAction","target":{"@type":"EntryPoint","urlTemplate":"https:\/\/www.bisly.com\/de?s={search_term_string}"},"query-input":{"@type":"PropertyValueSpecification","valueRequired":true,"valueName":"search_term_string"}}],"inLanguage":"de"},{"@type":"Organization","@id":"https:\/\/www.bisly.com\/de#organization","name":"Bisly","url":"https:\/\/www.bisly.com\/de","logo":{"@type":"ImageObject","inLanguage":"de","@id":"https:\/\/www.bisly.com\/de#\/schema\/logo\/image\/","url":"https:\/\/www.bisly.com\/wp-content\/uploads\/2024\/09\/bisly-logo.svg","contentUrl":"https:\/\/www.bisly.com\/wp-content\/uploads\/2024\/09\/bisly-logo.svg","width":120,"height":41,"caption":"Bisly"},"image":{"@id":"https:\/\/www.bisly.com\/de#\/schema\/logo\/image\/"},"sameAs":["https:\/\/www.facebook.com\/bisly.tech\/","https:\/\/ee.linkedin.com\/company\/bislytech"]}]}},"_links":{"self":[{"href":"https:\/\/www.bisly.com\/de\/wp-json\/wp\/v2\/pages\/5722","targetHints":{"allow":["GET"]}}],"collection":[{"href":"https:\/\/www.bisly.com\/de\/wp-json\/wp\/v2\/pages"}],"about":[{"href":"https:\/\/www.bisly.com\/de\/wp-json\/wp\/v2\/types\/page"}],"author":[{"embeddable":true,"href":"https:\/\/www.bisly.com\/de\/wp-json\/wp\/v2\/users\/13"}],"replies":[{"embeddable":true,"href":"https:\/\/www.bisly.com\/de\/wp-json\/wp\/v2\/comments?post=5722"}],"version-history":[{"count":4,"href":"https:\/\/www.bisly.com\/de\/wp-json\/wp\/v2\/pages\/5722\/revisions"}],"predecessor-version":[{"id":6317,"href":"https:\/\/www.bisly.com\/de\/wp-json\/wp\/v2\/pages\/5722\/revisions\/6317"}],"up":[{"embeddable":true,"href":"https:\/\/www.bisly.com\/de\/wp-json\/wp\/v2\/pages\/5710"}],"wp:featuredmedia":[{"embeddable":true,"href":"https:\/\/www.bisly.com\/de\/wp-json\/wp\/v2\/media\/6069"}],"wp:attachment":[{"href":"https:\/\/www.bisly.com\/de\/wp-json\/wp\/v2\/media?parent=5722"}],"curies":[{"name":"wp","href":"https:\/\/api.w.org\/{rel}","templated":true}]}}