{"id":5898,"date":"2024-09-04T18:14:39","date_gmt":"2024-09-04T17:14:39","guid":{"rendered":"https:\/\/www.bisly.com\/bisly-app"},"modified":"2025-06-11T12:26:00","modified_gmt":"2025-06-11T12:26:00","slug":"hooneautomaatika-app","status":"publish","type":"page","link":"https:\/\/www.bisly.com\/et\/targa-hoone-lahendused\/bms-tarkvara\/hooneautomaatika-app","title":{"rendered":"Bisly \u00c4pp"},"content":{"rendered":"","protected":false},"excerpt":{"rendered":"","protected":false},"author":13,"featured_media":6153,"parent":5937,"menu_order":3,"comment_status":"closed","ping_status":"closed","template":"","meta":{"_acf_changed":false,"footnotes":""},"class_list":["post-5898","page","type-page","status-publish","has-post-thumbnail","hentry"],"acf":[],"yoast_head":"<!-- This site is optimized with the Yoast SEO Premium plugin v23.5 (Yoast SEO v27.5) - https:\/\/yoast.com\/product\/yoast-seo-premium-wordpress\/ -->\n<title>Bisly \u00c4pp - Bisly<\/title>\n<meta name=\"description\" content=\"Innovatiivne Bisly hooneautomaatika \u00e4pp: halda reaalajas iga hoones\u00fcsteemi t\u00f6\u00f6d. Lihtne integratsioon k\u00f5igi olemasolevate s\u00fcsteemidega.\" \/>\n<meta name=\"robots\" content=\"index, follow, max-snippet:-1, max-image-preview:large, max-video-preview:-1\" \/>\n<link rel=\"canonical\" href=\"https:\/\/www.bisly.com\/et\/targa-hoone-lahendused\/bms-tarkvara\/hooneautomaatika-app\" \/>\n<meta property=\"og:locale\" content=\"et_EE\" \/>\n<meta property=\"og:type\" content=\"article\" \/>\n<meta property=\"og:title\" content=\"Bisly \u00c4pp\" \/>\n<meta property=\"og:description\" content=\"Innovatiivne Bisly hooneautomaatika \u00e4pp: halda reaalajas iga hoones\u00fcsteemi t\u00f6\u00f6d. Lihtne integratsioon k\u00f5igi olemasolevate s\u00fcsteemidega.\" \/>\n<meta property=\"og:url\" content=\"https:\/\/www.bisly.com\/et\/targa-hoone-lahendused\/bms-tarkvara\/hooneautomaatika-app\" \/>\n<meta property=\"og:site_name\" content=\"Bisly\" \/>\n<meta property=\"article:publisher\" content=\"https:\/\/www.facebook.com\/bisly.tech\/\" \/>\n<meta property=\"article:modified_time\" content=\"2025-06-11T12:26:00+00:00\" \/>\n<meta property=\"og:image\" content=\"https:\/\/www.bisly.com\/wp-content\/uploads\/2024\/09\/bisly-hub@2x.png\" \/>\n\t<meta property=\"og:image:width\" content=\"1200\" \/>\n\t<meta property=\"og:image:height\" content=\"984\" \/>\n\t<meta property=\"og:image:type\" content=\"image\/png\" \/>\n<meta name=\"twitter:card\" content=\"summary_large_image\" \/>\n<meta name=\"twitter:label1\" content=\"Est. reading time\" \/>\n\t<meta name=\"twitter:data1\" content=\"1 minut\" \/>\n<script type=\"application\/ld+json\" class=\"yoast-schema-graph\">{\"@context\":\"https:\\\/\\\/schema.org\",\"@graph\":[{\"@type\":\"WebPage\",\"@id\":\"https:\\\/\\\/www.bisly.com\\\/et\\\/targa-hoone-lahendused\\\/bms-tarkvara\\\/hooneautomaatika-app\",\"url\":\"https:\\\/\\\/www.bisly.com\\\/et\\\/targa-hoone-lahendused\\\/bms-tarkvara\\\/hooneautomaatika-app\",\"name\":\"Bisly \u00c4pp - Bisly\",\"isPartOf\":{\"@id\":\"https:\\\/\\\/www.bisly.com\\\/et#website\"},\"primaryImageOfPage\":{\"@id\":\"https:\\\/\\\/www.bisly.com\\\/et\\\/targa-hoone-lahendused\\\/bms-tarkvara\\\/hooneautomaatika-app#primaryimage\"},\"image\":{\"@id\":\"https:\\\/\\\/www.bisly.com\\\/et\\\/targa-hoone-lahendused\\\/bms-tarkvara\\\/hooneautomaatika-app#primaryimage\"},\"thumbnailUrl\":\"https:\\\/\\\/www.bisly.com\\\/wp-content\\\/uploads\\\/2024\\\/09\\\/bisly-hub@2x.png\",\"datePublished\":\"2024-09-04T17:14:39+00:00\",\"dateModified\":\"2025-06-11T12:26:00+00:00\",\"description\":\"Innovatiivne Bisly hooneautomaatika \u00e4pp: halda reaalajas iga hoones\u00fcsteemi t\u00f6\u00f6d. Lihtne integratsioon k\u00f5igi olemasolevate s\u00fcsteemidega.\",\"breadcrumb\":{\"@id\":\"https:\\\/\\\/www.bisly.com\\\/et\\\/targa-hoone-lahendused\\\/bms-tarkvara\\\/hooneautomaatika-app#breadcrumb\"},\"inLanguage\":\"et\",\"potentialAction\":[{\"@type\":\"ReadAction\",\"target\":[\"https:\\\/\\\/www.bisly.com\\\/et\\\/targa-hoone-lahendused\\\/bms-tarkvara\\\/hooneautomaatika-app\"]}]},{\"@type\":\"ImageObject\",\"inLanguage\":\"et\",\"@id\":\"https:\\\/\\\/www.bisly.com\\\/et\\\/targa-hoone-lahendused\\\/bms-tarkvara\\\/hooneautomaatika-app#primaryimage\",\"url\":\"https:\\\/\\\/www.bisly.com\\\/wp-content\\\/uploads\\\/2024\\\/09\\\/bisly-hub@2x.png\",\"contentUrl\":\"https:\\\/\\\/www.bisly.com\\\/wp-content\\\/uploads\\\/2024\\\/09\\\/bisly-hub@2x.png\",\"width\":1200,\"height\":984,\"caption\":\"bisly \u00e4pp \\\/ Hooneautomaatika \u00e4pp\"},{\"@type\":\"BreadcrumbList\",\"@id\":\"https:\\\/\\\/www.bisly.com\\\/et\\\/targa-hoone-lahendused\\\/bms-tarkvara\\\/hooneautomaatika-app#breadcrumb\",\"itemListElement\":[{\"@type\":\"ListItem\",\"position\":1,\"name\":\"Home\",\"item\":\"https:\\\/\\\/www.bisly.com\\\/et\"},{\"@type\":\"ListItem\",\"position\":2,\"name\":\"Targa hoone lahendused\",\"item\":\"https:\\\/\\\/www.bisly.com\\\/et\\\/targa-hoone-lahendused\"},{\"@type\":\"ListItem\",\"position\":3,\"name\":\"Tarkvara\",\"item\":\"https:\\\/\\\/www.bisly.com\\\/et\\\/targa-hoone-lahendused\\\/bms-tarkvara\"},{\"@type\":\"ListItem\",\"position\":4,\"name\":\"Bisly \u00c4pp\"}]},{\"@type\":\"WebSite\",\"@id\":\"https:\\\/\\\/www.bisly.com\\\/et#website\",\"url\":\"https:\\\/\\\/www.bisly.com\\\/et\",\"name\":\"Bisly\",\"description\":\"\",\"publisher\":{\"@id\":\"https:\\\/\\\/www.bisly.com\\\/et#organization\"},\"potentialAction\":[{\"@type\":\"SearchAction\",\"target\":{\"@type\":\"EntryPoint\",\"urlTemplate\":\"https:\\\/\\\/www.bisly.com\\\/et?s={search_term_string}\"},\"query-input\":{\"@type\":\"PropertyValueSpecification\",\"valueRequired\":true,\"valueName\":\"search_term_string\"}}],\"inLanguage\":\"et\"},{\"@type\":\"Organization\",\"@id\":\"https:\\\/\\\/www.bisly.com\\\/et#organization\",\"name\":\"Bisly\",\"url\":\"https:\\\/\\\/www.bisly.com\\\/et\",\"logo\":{\"@type\":\"ImageObject\",\"inLanguage\":\"et\",\"@id\":\"https:\\\/\\\/www.bisly.com\\\/et#\\\/schema\\\/logo\\\/image\\\/\",\"url\":\"https:\\\/\\\/www.bisly.com\\\/wp-content\\\/uploads\\\/2024\\\/09\\\/bisly-logo.svg\",\"contentUrl\":\"https:\\\/\\\/www.bisly.com\\\/wp-content\\\/uploads\\\/2024\\\/09\\\/bisly-logo.svg\",\"width\":120,\"height\":41,\"caption\":\"Bisly\"},\"image\":{\"@id\":\"https:\\\/\\\/www.bisly.com\\\/et#\\\/schema\\\/logo\\\/image\\\/\"},\"sameAs\":[\"https:\\\/\\\/www.facebook.com\\\/bisly.tech\\\/\",\"https:\\\/\\\/ee.linkedin.com\\\/company\\\/bislytech\"]}]}<\/script>\n<!-- \/ Yoast SEO Premium plugin. -->","yoast_head_json":{"title":"Bisly \u00c4pp - Bisly","description":"Innovatiivne Bisly hooneautomaatika \u00e4pp: halda reaalajas iga hoones\u00fcsteemi t\u00f6\u00f6d. Lihtne integratsioon k\u00f5igi olemasolevate s\u00fcsteemidega.","robots":{"index":"index","follow":"follow","max-snippet":"max-snippet:-1","max-image-preview":"max-image-preview:large","max-video-preview":"max-video-preview:-1"},"canonical":"https:\/\/www.bisly.com\/et\/targa-hoone-lahendused\/bms-tarkvara\/hooneautomaatika-app","og_locale":"et_EE","og_type":"article","og_title":"Bisly \u00c4pp","og_description":"Innovatiivne Bisly hooneautomaatika \u00e4pp: halda reaalajas iga hoones\u00fcsteemi t\u00f6\u00f6d. Lihtne integratsioon k\u00f5igi olemasolevate s\u00fcsteemidega.","og_url":"https:\/\/www.bisly.com\/et\/targa-hoone-lahendused\/bms-tarkvara\/hooneautomaatika-app","og_site_name":"Bisly","article_publisher":"https:\/\/www.facebook.com\/bisly.tech\/","article_modified_time":"2025-06-11T12:26:00+00:00","og_image":[{"width":1200,"height":984,"url":"https:\/\/www.bisly.com\/wp-content\/uploads\/2024\/09\/bisly-hub@2x.png","type":"image\/png"}],"twitter_card":"summary_large_image","twitter_misc":{"Est. reading time":"1 minut"},"schema":{"@context":"https:\/\/schema.org","@graph":[{"@type":"WebPage","@id":"https:\/\/www.bisly.com\/et\/targa-hoone-lahendused\/bms-tarkvara\/hooneautomaatika-app","url":"https:\/\/www.bisly.com\/et\/targa-hoone-lahendused\/bms-tarkvara\/hooneautomaatika-app","name":"Bisly \u00c4pp - Bisly","isPartOf":{"@id":"https:\/\/www.bisly.com\/et#website"},"primaryImageOfPage":{"@id":"https:\/\/www.bisly.com\/et\/targa-hoone-lahendused\/bms-tarkvara\/hooneautomaatika-app#primaryimage"},"image":{"@id":"https:\/\/www.bisly.com\/et\/targa-hoone-lahendused\/bms-tarkvara\/hooneautomaatika-app#primaryimage"},"thumbnailUrl":"https:\/\/www.bisly.com\/wp-content\/uploads\/2024\/09\/bisly-hub@2x.png","datePublished":"2024-09-04T17:14:39+00:00","dateModified":"2025-06-11T12:26:00+00:00","description":"Innovatiivne Bisly hooneautomaatika \u00e4pp: halda reaalajas iga hoones\u00fcsteemi t\u00f6\u00f6d. Lihtne integratsioon k\u00f5igi olemasolevate s\u00fcsteemidega.","breadcrumb":{"@id":"https:\/\/www.bisly.com\/et\/targa-hoone-lahendused\/bms-tarkvara\/hooneautomaatika-app#breadcrumb"},"inLanguage":"et","potentialAction":[{"@type":"ReadAction","target":["https:\/\/www.bisly.com\/et\/targa-hoone-lahendused\/bms-tarkvara\/hooneautomaatika-app"]}]},{"@type":"ImageObject","inLanguage":"et","@id":"https:\/\/www.bisly.com\/et\/targa-hoone-lahendused\/bms-tarkvara\/hooneautomaatika-app#primaryimage","url":"https:\/\/www.bisly.com\/wp-content\/uploads\/2024\/09\/bisly-hub@2x.png","contentUrl":"https:\/\/www.bisly.com\/wp-content\/uploads\/2024\/09\/bisly-hub@2x.png","width":1200,"height":984,"caption":"bisly \u00e4pp \/ Hooneautomaatika \u00e4pp"},{"@type":"BreadcrumbList","@id":"https:\/\/www.bisly.com\/et\/targa-hoone-lahendused\/bms-tarkvara\/hooneautomaatika-app#breadcrumb","itemListElement":[{"@type":"ListItem","position":1,"name":"Home","item":"https:\/\/www.bisly.com\/et"},{"@type":"ListItem","position":2,"name":"Targa hoone lahendused","item":"https:\/\/www.bisly.com\/et\/targa-hoone-lahendused"},{"@type":"ListItem","position":3,"name":"Tarkvara","item":"https:\/\/www.bisly.com\/et\/targa-hoone-lahendused\/bms-tarkvara"},{"@type":"ListItem","position":4,"name":"Bisly \u00c4pp"}]},{"@type":"WebSite","@id":"https:\/\/www.bisly.com\/et#website","url":"https:\/\/www.bisly.com\/et","name":"Bisly","description":"","publisher":{"@id":"https:\/\/www.bisly.com\/et#organization"},"potentialAction":[{"@type":"SearchAction","target":{"@type":"EntryPoint","urlTemplate":"https:\/\/www.bisly.com\/et?s={search_term_string}"},"query-input":{"@type":"PropertyValueSpecification","valueRequired":true,"valueName":"search_term_string"}}],"inLanguage":"et"},{"@type":"Organization","@id":"https:\/\/www.bisly.com\/et#organization","name":"Bisly","url":"https:\/\/www.bisly.com\/et","logo":{"@type":"ImageObject","inLanguage":"et","@id":"https:\/\/www.bisly.com\/et#\/schema\/logo\/image\/","url":"https:\/\/www.bisly.com\/wp-content\/uploads\/2024\/09\/bisly-logo.svg","contentUrl":"https:\/\/www.bisly.com\/wp-content\/uploads\/2024\/09\/bisly-logo.svg","width":120,"height":41,"caption":"Bisly"},"image":{"@id":"https:\/\/www.bisly.com\/et#\/schema\/logo\/image\/"},"sameAs":["https:\/\/www.facebook.com\/bisly.tech\/","https:\/\/ee.linkedin.com\/company\/bislytech"]}]}},"_links":{"self":[{"href":"https:\/\/www.bisly.com\/et\/wp-json\/wp\/v2\/pages\/5898","targetHints":{"allow":["GET"]}}],"collection":[{"href":"https:\/\/www.bisly.com\/et\/wp-json\/wp\/v2\/pages"}],"about":[{"href":"https:\/\/www.bisly.com\/et\/wp-json\/wp\/v2\/types\/page"}],"author":[{"embeddable":true,"href":"https:\/\/www.bisly.com\/et\/wp-json\/wp\/v2\/users\/13"}],"replies":[{"embeddable":true,"href":"https:\/\/www.bisly.com\/et\/wp-json\/wp\/v2\/comments?post=5898"}],"version-history":[{"count":4,"href":"https:\/\/www.bisly.com\/et\/wp-json\/wp\/v2\/pages\/5898\/revisions"}],"predecessor-version":[{"id":6776,"href":"https:\/\/www.bisly.com\/et\/wp-json\/wp\/v2\/pages\/5898\/revisions\/6776"}],"up":[{"embeddable":true,"href":"https:\/\/www.bisly.com\/et\/wp-json\/wp\/v2\/pages\/5937"}],"wp:featuredmedia":[{"embeddable":true,"href":"https:\/\/www.bisly.com\/et\/wp-json\/wp\/v2\/media\/6153"}],"wp:attachment":[{"href":"https:\/\/www.bisly.com\/et\/wp-json\/wp\/v2\/media?parent=5898"}],"curies":[{"name":"wp","href":"https:\/\/api.w.org\/{rel}","templated":true}]}}