{"id":5933,"date":"2024-07-19T12:14:29","date_gmt":"2024-07-19T11:14:29","guid":{"rendered":"https:\/\/www.bisly.com\/architects-consultants"},"modified":"2024-09-23T06:43:10","modified_gmt":"2024-09-23T06:43:10","slug":"arhitektidele","status":"publish","type":"page","link":"https:\/\/www.bisly.com\/et\/miks-bisly-hooneautomaatikasusteem\/arhitektidele","title":{"rendered":"Arhitektidele"},"content":{"rendered":"","protected":false},"excerpt":{"rendered":"","protected":false},"author":5,"featured_media":6217,"parent":5972,"menu_order":4,"comment_status":"closed","ping_status":"closed","template":"","meta":{"_acf_changed":false,"footnotes":""},"class_list":["post-5933","page","type-page","status-publish","has-post-thumbnail","hentry"],"acf":[],"yoast_head":"<!-- This site is optimized with the Yoast SEO Premium plugin v23.5 (Yoast SEO v27.5) - https:\/\/yoast.com\/product\/yoast-seo-premium-wordpress\/ -->\n<title>Bisly building automation for architects and consultants | Bisly<\/title>\n<meta name=\"description\" content=\"Tulevikukindel ja j\u00e4tkusuutlik automatiseerimine: Bisly hooneautomaatika arhitektidele: Targem ja keskkonnas\u00e4\u00e4stlikum arhitektuurilahendus.\" \/>\n<meta name=\"robots\" content=\"index, follow, max-snippet:-1, max-image-preview:large, max-video-preview:-1\" \/>\n<link rel=\"canonical\" href=\"https:\/\/www.bisly.com\/et\/miks-bisly-hooneautomaatikasusteem\/arhitektidele\" \/>\n<meta property=\"og:locale\" content=\"et_EE\" \/>\n<meta property=\"og:type\" content=\"article\" \/>\n<meta property=\"og:title\" content=\"Arhitektidele\" \/>\n<meta property=\"og:description\" content=\"Tulevikukindel ja j\u00e4tkusuutlik automatiseerimine: Bisly hooneautomaatika arhitektidele: Targem ja keskkonnas\u00e4\u00e4stlikum arhitektuurilahendus.\" \/>\n<meta property=\"og:url\" content=\"https:\/\/www.bisly.com\/et\/miks-bisly-hooneautomaatikasusteem\/arhitektidele\" \/>\n<meta property=\"og:site_name\" content=\"Bisly\" \/>\n<meta property=\"article:publisher\" content=\"https:\/\/www.facebook.com\/bisly.tech\/\" \/>\n<meta property=\"article:modified_time\" content=\"2024-09-23T06:43:10+00:00\" \/>\n<meta property=\"og:image\" content=\"https:\/\/www.bisly.com\/wp-content\/uploads\/2024\/09\/main@2x-7.png\" \/>\n\t<meta property=\"og:image:width\" content=\"1200\" \/>\n\t<meta property=\"og:image:height\" content=\"1164\" \/>\n\t<meta property=\"og:image:type\" content=\"image\/png\" \/>\n<meta name=\"twitter:card\" content=\"summary_large_image\" \/>\n<meta name=\"twitter:label1\" content=\"Est. reading time\" \/>\n\t<meta name=\"twitter:data1\" content=\"1 minut\" \/>\n<script type=\"application\/ld+json\" class=\"yoast-schema-graph\">{\"@context\":\"https:\\\/\\\/schema.org\",\"@graph\":[{\"@type\":\"WebPage\",\"@id\":\"https:\\\/\\\/www.bisly.com\\\/et\\\/miks-bisly-hooneautomaatikasusteem\\\/arhitektidele\",\"url\":\"https:\\\/\\\/www.bisly.com\\\/et\\\/miks-bisly-hooneautomaatikasusteem\\\/arhitektidele\",\"name\":\"Bisly building automation for architects and consultants | Bisly\",\"isPartOf\":{\"@id\":\"https:\\\/\\\/www.bisly.com\\\/et#website\"},\"primaryImageOfPage\":{\"@id\":\"https:\\\/\\\/www.bisly.com\\\/et\\\/miks-bisly-hooneautomaatikasusteem\\\/arhitektidele#primaryimage\"},\"image\":{\"@id\":\"https:\\\/\\\/www.bisly.com\\\/et\\\/miks-bisly-hooneautomaatikasusteem\\\/arhitektidele#primaryimage\"},\"thumbnailUrl\":\"https:\\\/\\\/www.bisly.com\\\/wp-content\\\/uploads\\\/2024\\\/09\\\/main@2x-7.png\",\"datePublished\":\"2024-07-19T11:14:29+00:00\",\"dateModified\":\"2024-09-23T06:43:10+00:00\",\"description\":\"Tulevikukindel ja j\u00e4tkusuutlik automatiseerimine: Bisly hooneautomaatika arhitektidele: Targem ja keskkonnas\u00e4\u00e4stlikum arhitektuurilahendus.\",\"breadcrumb\":{\"@id\":\"https:\\\/\\\/www.bisly.com\\\/et\\\/miks-bisly-hooneautomaatikasusteem\\\/arhitektidele#breadcrumb\"},\"inLanguage\":\"et\",\"potentialAction\":[{\"@type\":\"ReadAction\",\"target\":[\"https:\\\/\\\/www.bisly.com\\\/et\\\/miks-bisly-hooneautomaatikasusteem\\\/arhitektidele\"]}]},{\"@type\":\"ImageObject\",\"inLanguage\":\"et\",\"@id\":\"https:\\\/\\\/www.bisly.com\\\/et\\\/miks-bisly-hooneautomaatikasusteem\\\/arhitektidele#primaryimage\",\"url\":\"https:\\\/\\\/www.bisly.com\\\/wp-content\\\/uploads\\\/2024\\\/09\\\/main@2x-7.png\",\"contentUrl\":\"https:\\\/\\\/www.bisly.com\\\/wp-content\\\/uploads\\\/2024\\\/09\\\/main@2x-7.png\",\"width\":1200,\"height\":1164},{\"@type\":\"BreadcrumbList\",\"@id\":\"https:\\\/\\\/www.bisly.com\\\/et\\\/miks-bisly-hooneautomaatikasusteem\\\/arhitektidele#breadcrumb\",\"itemListElement\":[{\"@type\":\"ListItem\",\"position\":1,\"name\":\"Home\",\"item\":\"https:\\\/\\\/www.bisly.com\\\/et\"},{\"@type\":\"ListItem\",\"position\":2,\"name\":\"Miks valida Bisly?\",\"item\":\"https:\\\/\\\/www.bisly.com\\\/et\\\/miks-bisly-hooneautomaatikasusteem\"},{\"@type\":\"ListItem\",\"position\":3,\"name\":\"Arhitektidele\"}]},{\"@type\":\"WebSite\",\"@id\":\"https:\\\/\\\/www.bisly.com\\\/et#website\",\"url\":\"https:\\\/\\\/www.bisly.com\\\/et\",\"name\":\"Bisly\",\"description\":\"\",\"publisher\":{\"@id\":\"https:\\\/\\\/www.bisly.com\\\/et#organization\"},\"potentialAction\":[{\"@type\":\"SearchAction\",\"target\":{\"@type\":\"EntryPoint\",\"urlTemplate\":\"https:\\\/\\\/www.bisly.com\\\/et?s={search_term_string}\"},\"query-input\":{\"@type\":\"PropertyValueSpecification\",\"valueRequired\":true,\"valueName\":\"search_term_string\"}}],\"inLanguage\":\"et\"},{\"@type\":\"Organization\",\"@id\":\"https:\\\/\\\/www.bisly.com\\\/et#organization\",\"name\":\"Bisly\",\"url\":\"https:\\\/\\\/www.bisly.com\\\/et\",\"logo\":{\"@type\":\"ImageObject\",\"inLanguage\":\"et\",\"@id\":\"https:\\\/\\\/www.bisly.com\\\/et#\\\/schema\\\/logo\\\/image\\\/\",\"url\":\"https:\\\/\\\/www.bisly.com\\\/wp-content\\\/uploads\\\/2024\\\/09\\\/bisly-logo.svg\",\"contentUrl\":\"https:\\\/\\\/www.bisly.com\\\/wp-content\\\/uploads\\\/2024\\\/09\\\/bisly-logo.svg\",\"width\":120,\"height\":41,\"caption\":\"Bisly\"},\"image\":{\"@id\":\"https:\\\/\\\/www.bisly.com\\\/et#\\\/schema\\\/logo\\\/image\\\/\"},\"sameAs\":[\"https:\\\/\\\/www.facebook.com\\\/bisly.tech\\\/\",\"https:\\\/\\\/ee.linkedin.com\\\/company\\\/bislytech\"]}]}<\/script>\n<!-- \/ Yoast SEO Premium plugin. -->","yoast_head_json":{"title":"Bisly building automation for architects and consultants | Bisly","description":"Tulevikukindel ja j\u00e4tkusuutlik automatiseerimine: Bisly hooneautomaatika arhitektidele: Targem ja keskkonnas\u00e4\u00e4stlikum arhitektuurilahendus.","robots":{"index":"index","follow":"follow","max-snippet":"max-snippet:-1","max-image-preview":"max-image-preview:large","max-video-preview":"max-video-preview:-1"},"canonical":"https:\/\/www.bisly.com\/et\/miks-bisly-hooneautomaatikasusteem\/arhitektidele","og_locale":"et_EE","og_type":"article","og_title":"Arhitektidele","og_description":"Tulevikukindel ja j\u00e4tkusuutlik automatiseerimine: Bisly hooneautomaatika arhitektidele: Targem ja keskkonnas\u00e4\u00e4stlikum arhitektuurilahendus.","og_url":"https:\/\/www.bisly.com\/et\/miks-bisly-hooneautomaatikasusteem\/arhitektidele","og_site_name":"Bisly","article_publisher":"https:\/\/www.facebook.com\/bisly.tech\/","article_modified_time":"2024-09-23T06:43:10+00:00","og_image":[{"width":1200,"height":1164,"url":"https:\/\/www.bisly.com\/wp-content\/uploads\/2024\/09\/main@2x-7.png","type":"image\/png"}],"twitter_card":"summary_large_image","twitter_misc":{"Est. reading time":"1 minut"},"schema":{"@context":"https:\/\/schema.org","@graph":[{"@type":"WebPage","@id":"https:\/\/www.bisly.com\/et\/miks-bisly-hooneautomaatikasusteem\/arhitektidele","url":"https:\/\/www.bisly.com\/et\/miks-bisly-hooneautomaatikasusteem\/arhitektidele","name":"Bisly building automation for architects and consultants | Bisly","isPartOf":{"@id":"https:\/\/www.bisly.com\/et#website"},"primaryImageOfPage":{"@id":"https:\/\/www.bisly.com\/et\/miks-bisly-hooneautomaatikasusteem\/arhitektidele#primaryimage"},"image":{"@id":"https:\/\/www.bisly.com\/et\/miks-bisly-hooneautomaatikasusteem\/arhitektidele#primaryimage"},"thumbnailUrl":"https:\/\/www.bisly.com\/wp-content\/uploads\/2024\/09\/main@2x-7.png","datePublished":"2024-07-19T11:14:29+00:00","dateModified":"2024-09-23T06:43:10+00:00","description":"Tulevikukindel ja j\u00e4tkusuutlik automatiseerimine: Bisly hooneautomaatika arhitektidele: Targem ja keskkonnas\u00e4\u00e4stlikum arhitektuurilahendus.","breadcrumb":{"@id":"https:\/\/www.bisly.com\/et\/miks-bisly-hooneautomaatikasusteem\/arhitektidele#breadcrumb"},"inLanguage":"et","potentialAction":[{"@type":"ReadAction","target":["https:\/\/www.bisly.com\/et\/miks-bisly-hooneautomaatikasusteem\/arhitektidele"]}]},{"@type":"ImageObject","inLanguage":"et","@id":"https:\/\/www.bisly.com\/et\/miks-bisly-hooneautomaatikasusteem\/arhitektidele#primaryimage","url":"https:\/\/www.bisly.com\/wp-content\/uploads\/2024\/09\/main@2x-7.png","contentUrl":"https:\/\/www.bisly.com\/wp-content\/uploads\/2024\/09\/main@2x-7.png","width":1200,"height":1164},{"@type":"BreadcrumbList","@id":"https:\/\/www.bisly.com\/et\/miks-bisly-hooneautomaatikasusteem\/arhitektidele#breadcrumb","itemListElement":[{"@type":"ListItem","position":1,"name":"Home","item":"https:\/\/www.bisly.com\/et"},{"@type":"ListItem","position":2,"name":"Miks valida Bisly?","item":"https:\/\/www.bisly.com\/et\/miks-bisly-hooneautomaatikasusteem"},{"@type":"ListItem","position":3,"name":"Arhitektidele"}]},{"@type":"WebSite","@id":"https:\/\/www.bisly.com\/et#website","url":"https:\/\/www.bisly.com\/et","name":"Bisly","description":"","publisher":{"@id":"https:\/\/www.bisly.com\/et#organization"},"potentialAction":[{"@type":"SearchAction","target":{"@type":"EntryPoint","urlTemplate":"https:\/\/www.bisly.com\/et?s={search_term_string}"},"query-input":{"@type":"PropertyValueSpecification","valueRequired":true,"valueName":"search_term_string"}}],"inLanguage":"et"},{"@type":"Organization","@id":"https:\/\/www.bisly.com\/et#organization","name":"Bisly","url":"https:\/\/www.bisly.com\/et","logo":{"@type":"ImageObject","inLanguage":"et","@id":"https:\/\/www.bisly.com\/et#\/schema\/logo\/image\/","url":"https:\/\/www.bisly.com\/wp-content\/uploads\/2024\/09\/bisly-logo.svg","contentUrl":"https:\/\/www.bisly.com\/wp-content\/uploads\/2024\/09\/bisly-logo.svg","width":120,"height":41,"caption":"Bisly"},"image":{"@id":"https:\/\/www.bisly.com\/et#\/schema\/logo\/image\/"},"sameAs":["https:\/\/www.facebook.com\/bisly.tech\/","https:\/\/ee.linkedin.com\/company\/bislytech"]}]}},"_links":{"self":[{"href":"https:\/\/www.bisly.com\/et\/wp-json\/wp\/v2\/pages\/5933","targetHints":{"allow":["GET"]}}],"collection":[{"href":"https:\/\/www.bisly.com\/et\/wp-json\/wp\/v2\/pages"}],"about":[{"href":"https:\/\/www.bisly.com\/et\/wp-json\/wp\/v2\/types\/page"}],"author":[{"embeddable":true,"href":"https:\/\/www.bisly.com\/et\/wp-json\/wp\/v2\/users\/5"}],"replies":[{"embeddable":true,"href":"https:\/\/www.bisly.com\/et\/wp-json\/wp\/v2\/comments?post=5933"}],"version-history":[{"count":11,"href":"https:\/\/www.bisly.com\/et\/wp-json\/wp\/v2\/pages\/5933\/revisions"}],"predecessor-version":[{"id":6458,"href":"https:\/\/www.bisly.com\/et\/wp-json\/wp\/v2\/pages\/5933\/revisions\/6458"}],"up":[{"embeddable":true,"href":"https:\/\/www.bisly.com\/et\/wp-json\/wp\/v2\/pages\/5972"}],"wp:featuredmedia":[{"embeddable":true,"href":"https:\/\/www.bisly.com\/et\/wp-json\/wp\/v2\/media\/6217"}],"wp:attachment":[{"href":"https:\/\/www.bisly.com\/et\/wp-json\/wp\/v2\/media?parent=5933"}],"curies":[{"name":"wp","href":"https:\/\/api.w.org\/{rel}","templated":true}]}}