{"id":6707,"date":"2024-09-04T18:49:07","date_gmt":"2024-09-04T18:49:07","guid":{"rendered":"https:\/\/www.bisly.com\/green-ict"},"modified":"2025-06-11T13:28:58","modified_gmt":"2025-06-11T13:28:58","slug":"green-ict","status":"publish","type":"page","link":"https:\/\/www.bisly.com\/et\/green-ict","title":{"rendered":"Green ICT"},"content":{"rendered":"","protected":false},"excerpt":{"rendered":"","protected":false},"author":13,"featured_media":4500,"parent":0,"menu_order":9,"comment_status":"closed","ping_status":"closed","template":"","meta":{"_acf_changed":false,"footnotes":""},"class_list":["post-6707","page","type-page","status-publish","has-post-thumbnail","hentry"],"acf":[],"yoast_head":"<!-- This site is optimized with the Yoast SEO Premium plugin v23.5 (Yoast SEO v27.5) - https:\/\/yoast.com\/product\/yoast-seo-premium-wordpress\/ -->\n<title>Green ICT - Bisly<\/title>\n<meta name=\"description\" content=\"Meil on r\u00f5\u00f5m teada anda, et Bisly arendusprojektid said Ettev\u00f5tluse Arendamise Sihtasutuse Eesti-Norra koost\u00f6\u00f6programmi \u201eGreen ICT\u201c\" \/>\n<meta name=\"robots\" content=\"index, follow, max-snippet:-1, max-image-preview:large, max-video-preview:-1\" \/>\n<link rel=\"canonical\" href=\"https:\/\/www.bisly.com\/et\/green-ict\" \/>\n<meta property=\"og:locale\" content=\"et_EE\" \/>\n<meta property=\"og:type\" content=\"article\" \/>\n<meta property=\"og:title\" content=\"Green ICT\" \/>\n<meta property=\"og:description\" content=\"Meil on r\u00f5\u00f5m teada anda, et Bisly arendusprojektid said Ettev\u00f5tluse Arendamise Sihtasutuse Eesti-Norra koost\u00f6\u00f6programmi \u201eGreen ICT\u201c\" \/>\n<meta property=\"og:url\" content=\"https:\/\/www.bisly.com\/et\/green-ict\" \/>\n<meta property=\"og:site_name\" content=\"Bisly\" \/>\n<meta property=\"article:publisher\" content=\"https:\/\/www.facebook.com\/bisly.tech\/\" \/>\n<meta property=\"article:modified_time\" content=\"2025-06-11T13:28:58+00:00\" \/>\n<meta property=\"og:image\" content=\"https:\/\/www.bisly.com\/wp-content\/uploads\/2023\/03\/bisly-at-reach-uk-2023-program-min-scaled-1.jpg\" \/>\n\t<meta property=\"og:image:width\" content=\"2560\" \/>\n\t<meta property=\"og:image:height\" content=\"1342\" \/>\n\t<meta property=\"og:image:type\" content=\"image\/jpeg\" \/>\n<meta name=\"twitter:card\" content=\"summary_large_image\" \/>\n<meta name=\"twitter:label1\" content=\"Est. reading time\" \/>\n\t<meta name=\"twitter:data1\" content=\"1 minut\" \/>\n<script type=\"application\/ld+json\" class=\"yoast-schema-graph\">{\"@context\":\"https:\\\/\\\/schema.org\",\"@graph\":[{\"@type\":\"WebPage\",\"@id\":\"https:\\\/\\\/www.bisly.com\\\/et\\\/green-ict\",\"url\":\"https:\\\/\\\/www.bisly.com\\\/et\\\/green-ict\",\"name\":\"Green ICT - Bisly\",\"isPartOf\":{\"@id\":\"https:\\\/\\\/www.bisly.com\\\/et#website\"},\"primaryImageOfPage\":{\"@id\":\"https:\\\/\\\/www.bisly.com\\\/et\\\/green-ict#primaryimage\"},\"image\":{\"@id\":\"https:\\\/\\\/www.bisly.com\\\/et\\\/green-ict#primaryimage\"},\"thumbnailUrl\":\"https:\\\/\\\/www.bisly.com\\\/wp-content\\\/uploads\\\/2023\\\/03\\\/bisly-at-reach-uk-2023-program-min-scaled-1.jpg\",\"datePublished\":\"2024-09-04T18:49:07+00:00\",\"dateModified\":\"2025-06-11T13:28:58+00:00\",\"description\":\"Meil on r\u00f5\u00f5m teada anda, et Bisly arendusprojektid said Ettev\u00f5tluse Arendamise Sihtasutuse Eesti-Norra koost\u00f6\u00f6programmi \u201eGreen ICT\u201c\",\"breadcrumb\":{\"@id\":\"https:\\\/\\\/www.bisly.com\\\/et\\\/green-ict#breadcrumb\"},\"inLanguage\":\"et\",\"potentialAction\":[{\"@type\":\"ReadAction\",\"target\":[\"https:\\\/\\\/www.bisly.com\\\/et\\\/green-ict\"]}]},{\"@type\":\"ImageObject\",\"inLanguage\":\"et\",\"@id\":\"https:\\\/\\\/www.bisly.com\\\/et\\\/green-ict#primaryimage\",\"url\":\"https:\\\/\\\/www.bisly.com\\\/wp-content\\\/uploads\\\/2023\\\/03\\\/bisly-at-reach-uk-2023-program-min-scaled-1.jpg\",\"contentUrl\":\"https:\\\/\\\/www.bisly.com\\\/wp-content\\\/uploads\\\/2023\\\/03\\\/bisly-at-reach-uk-2023-program-min-scaled-1.jpg\",\"width\":2560,\"height\":1342,\"caption\":\"green ict\"},{\"@type\":\"BreadcrumbList\",\"@id\":\"https:\\\/\\\/www.bisly.com\\\/et\\\/green-ict#breadcrumb\",\"itemListElement\":[{\"@type\":\"ListItem\",\"position\":1,\"name\":\"Home\",\"item\":\"https:\\\/\\\/www.bisly.com\\\/et\"},{\"@type\":\"ListItem\",\"position\":2,\"name\":\"Green ICT\"}]},{\"@type\":\"WebSite\",\"@id\":\"https:\\\/\\\/www.bisly.com\\\/et#website\",\"url\":\"https:\\\/\\\/www.bisly.com\\\/et\",\"name\":\"Bisly\",\"description\":\"\",\"publisher\":{\"@id\":\"https:\\\/\\\/www.bisly.com\\\/et#organization\"},\"potentialAction\":[{\"@type\":\"SearchAction\",\"target\":{\"@type\":\"EntryPoint\",\"urlTemplate\":\"https:\\\/\\\/www.bisly.com\\\/et?s={search_term_string}\"},\"query-input\":{\"@type\":\"PropertyValueSpecification\",\"valueRequired\":true,\"valueName\":\"search_term_string\"}}],\"inLanguage\":\"et\"},{\"@type\":\"Organization\",\"@id\":\"https:\\\/\\\/www.bisly.com\\\/et#organization\",\"name\":\"Bisly\",\"url\":\"https:\\\/\\\/www.bisly.com\\\/et\",\"logo\":{\"@type\":\"ImageObject\",\"inLanguage\":\"et\",\"@id\":\"https:\\\/\\\/www.bisly.com\\\/et#\\\/schema\\\/logo\\\/image\\\/\",\"url\":\"https:\\\/\\\/www.bisly.com\\\/wp-content\\\/uploads\\\/2024\\\/09\\\/bisly-logo.svg\",\"contentUrl\":\"https:\\\/\\\/www.bisly.com\\\/wp-content\\\/uploads\\\/2024\\\/09\\\/bisly-logo.svg\",\"width\":120,\"height\":41,\"caption\":\"Bisly\"},\"image\":{\"@id\":\"https:\\\/\\\/www.bisly.com\\\/et#\\\/schema\\\/logo\\\/image\\\/\"},\"sameAs\":[\"https:\\\/\\\/www.facebook.com\\\/bisly.tech\\\/\",\"https:\\\/\\\/ee.linkedin.com\\\/company\\\/bislytech\"]}]}<\/script>\n<!-- \/ Yoast SEO Premium plugin. -->","yoast_head_json":{"title":"Green ICT - Bisly","description":"Meil on r\u00f5\u00f5m teada anda, et Bisly arendusprojektid said Ettev\u00f5tluse Arendamise Sihtasutuse Eesti-Norra koost\u00f6\u00f6programmi \u201eGreen ICT\u201c","robots":{"index":"index","follow":"follow","max-snippet":"max-snippet:-1","max-image-preview":"max-image-preview:large","max-video-preview":"max-video-preview:-1"},"canonical":"https:\/\/www.bisly.com\/et\/green-ict","og_locale":"et_EE","og_type":"article","og_title":"Green ICT","og_description":"Meil on r\u00f5\u00f5m teada anda, et Bisly arendusprojektid said Ettev\u00f5tluse Arendamise Sihtasutuse Eesti-Norra koost\u00f6\u00f6programmi \u201eGreen ICT\u201c","og_url":"https:\/\/www.bisly.com\/et\/green-ict","og_site_name":"Bisly","article_publisher":"https:\/\/www.facebook.com\/bisly.tech\/","article_modified_time":"2025-06-11T13:28:58+00:00","og_image":[{"width":2560,"height":1342,"url":"https:\/\/www.bisly.com\/wp-content\/uploads\/2023\/03\/bisly-at-reach-uk-2023-program-min-scaled-1.jpg","type":"image\/jpeg"}],"twitter_card":"summary_large_image","twitter_misc":{"Est. reading time":"1 minut"},"schema":{"@context":"https:\/\/schema.org","@graph":[{"@type":"WebPage","@id":"https:\/\/www.bisly.com\/et\/green-ict","url":"https:\/\/www.bisly.com\/et\/green-ict","name":"Green ICT - Bisly","isPartOf":{"@id":"https:\/\/www.bisly.com\/et#website"},"primaryImageOfPage":{"@id":"https:\/\/www.bisly.com\/et\/green-ict#primaryimage"},"image":{"@id":"https:\/\/www.bisly.com\/et\/green-ict#primaryimage"},"thumbnailUrl":"https:\/\/www.bisly.com\/wp-content\/uploads\/2023\/03\/bisly-at-reach-uk-2023-program-min-scaled-1.jpg","datePublished":"2024-09-04T18:49:07+00:00","dateModified":"2025-06-11T13:28:58+00:00","description":"Meil on r\u00f5\u00f5m teada anda, et Bisly arendusprojektid said Ettev\u00f5tluse Arendamise Sihtasutuse Eesti-Norra koost\u00f6\u00f6programmi \u201eGreen ICT\u201c","breadcrumb":{"@id":"https:\/\/www.bisly.com\/et\/green-ict#breadcrumb"},"inLanguage":"et","potentialAction":[{"@type":"ReadAction","target":["https:\/\/www.bisly.com\/et\/green-ict"]}]},{"@type":"ImageObject","inLanguage":"et","@id":"https:\/\/www.bisly.com\/et\/green-ict#primaryimage","url":"https:\/\/www.bisly.com\/wp-content\/uploads\/2023\/03\/bisly-at-reach-uk-2023-program-min-scaled-1.jpg","contentUrl":"https:\/\/www.bisly.com\/wp-content\/uploads\/2023\/03\/bisly-at-reach-uk-2023-program-min-scaled-1.jpg","width":2560,"height":1342,"caption":"green ict"},{"@type":"BreadcrumbList","@id":"https:\/\/www.bisly.com\/et\/green-ict#breadcrumb","itemListElement":[{"@type":"ListItem","position":1,"name":"Home","item":"https:\/\/www.bisly.com\/et"},{"@type":"ListItem","position":2,"name":"Green ICT"}]},{"@type":"WebSite","@id":"https:\/\/www.bisly.com\/et#website","url":"https:\/\/www.bisly.com\/et","name":"Bisly","description":"","publisher":{"@id":"https:\/\/www.bisly.com\/et#organization"},"potentialAction":[{"@type":"SearchAction","target":{"@type":"EntryPoint","urlTemplate":"https:\/\/www.bisly.com\/et?s={search_term_string}"},"query-input":{"@type":"PropertyValueSpecification","valueRequired":true,"valueName":"search_term_string"}}],"inLanguage":"et"},{"@type":"Organization","@id":"https:\/\/www.bisly.com\/et#organization","name":"Bisly","url":"https:\/\/www.bisly.com\/et","logo":{"@type":"ImageObject","inLanguage":"et","@id":"https:\/\/www.bisly.com\/et#\/schema\/logo\/image\/","url":"https:\/\/www.bisly.com\/wp-content\/uploads\/2024\/09\/bisly-logo.svg","contentUrl":"https:\/\/www.bisly.com\/wp-content\/uploads\/2024\/09\/bisly-logo.svg","width":120,"height":41,"caption":"Bisly"},"image":{"@id":"https:\/\/www.bisly.com\/et#\/schema\/logo\/image\/"},"sameAs":["https:\/\/www.facebook.com\/bisly.tech\/","https:\/\/ee.linkedin.com\/company\/bislytech"]}]}},"_links":{"self":[{"href":"https:\/\/www.bisly.com\/et\/wp-json\/wp\/v2\/pages\/6707","targetHints":{"allow":["GET"]}}],"collection":[{"href":"https:\/\/www.bisly.com\/et\/wp-json\/wp\/v2\/pages"}],"about":[{"href":"https:\/\/www.bisly.com\/et\/wp-json\/wp\/v2\/types\/page"}],"author":[{"embeddable":true,"href":"https:\/\/www.bisly.com\/et\/wp-json\/wp\/v2\/users\/13"}],"replies":[{"embeddable":true,"href":"https:\/\/www.bisly.com\/et\/wp-json\/wp\/v2\/comments?post=6707"}],"version-history":[{"count":6,"href":"https:\/\/www.bisly.com\/et\/wp-json\/wp\/v2\/pages\/6707\/revisions"}],"predecessor-version":[{"id":7997,"href":"https:\/\/www.bisly.com\/et\/wp-json\/wp\/v2\/pages\/6707\/revisions\/7997"}],"wp:featuredmedia":[{"embeddable":true,"href":"https:\/\/www.bisly.com\/et\/wp-json\/wp\/v2\/media\/4500"}],"wp:attachment":[{"href":"https:\/\/www.bisly.com\/et\/wp-json\/wp\/v2\/media?parent=6707"}],"curies":[{"name":"wp","href":"https:\/\/api.w.org\/{rel}","templated":true}]}}