{"id":10084,"date":"2024-06-20T12:58:07","date_gmt":"2024-06-20T11:58:07","guid":{"rendered":"https:\/\/www.bisly.com\/?page_id=10084"},"modified":"2026-04-16T07:51:49","modified_gmt":"2026-04-16T06:51:49","slug":"bisly","status":"publish","type":"page","link":"https:\/\/www.bisly.com\/lv","title":{"rendered":"Bisly \u2014 m\u0113rogojam\u0101 \u0113ku automatiz\u0101cija"},"content":{"rendered":"","protected":false},"excerpt":{"rendered":"","protected":false},"author":15,"featured_media":10111,"parent":0,"menu_order":0,"comment_status":"closed","ping_status":"closed","template":"","meta":{"_acf_changed":false,"footnotes":""},"class_list":["post-10084","page","type-page","status-publish","has-post-thumbnail","hentry"],"acf":[],"yoast_head":"<!-- This site is optimized with the Yoast SEO Premium plugin v23.5 (Yoast SEO v27.4) - https:\/\/yoast.com\/product\/yoast-seo-premium-wordpress\/ -->\n<title>Bisly \u2014 m\u0113rogojam\u0101 \u0113ku automatiz\u0101cija - Bisly<\/title>\n<meta name=\"robots\" content=\"index, follow, max-snippet:-1, max-image-preview:large, max-video-preview:-1\" \/>\n<link rel=\"canonical\" href=\"https:\/\/www.bisly.com\/lv\" \/>\n<meta property=\"og:locale\" content=\"lv_LV\" \/>\n<meta property=\"og:type\" content=\"article\" \/>\n<meta property=\"og:title\" content=\"Bisly \u2014 m\u0113rogojam\u0101 \u0113ku automatiz\u0101cija\" \/>\n<meta property=\"og:url\" content=\"https:\/\/www.bisly.com\/lv\" \/>\n<meta property=\"og:site_name\" content=\"Bisly\" \/>\n<meta property=\"article:publisher\" content=\"https:\/\/www.facebook.com\/bisly.tech\/\" \/>\n<meta property=\"article:modified_time\" content=\"2026-04-16T06:51:49+00:00\" \/>\n<meta name=\"twitter:card\" content=\"summary_large_image\" \/>\n<meta name=\"twitter:label1\" content=\"Est. reading time\" \/>\n\t<meta name=\"twitter:data1\" content=\"1 minute\" \/>\n<script type=\"application\/ld+json\" class=\"yoast-schema-graph\">{\"@context\":\"https:\\\/\\\/schema.org\",\"@graph\":[{\"@type\":\"WebPage\",\"@id\":\"https:\\\/\\\/www.bisly.com\\\/lv\",\"url\":\"https:\\\/\\\/www.bisly.com\\\/lv\",\"name\":\"Bisly \u2014 m\u0113rogojam\u0101 \u0113ku automatiz\u0101cija - Bisly\",\"isPartOf\":{\"@id\":\"https:\\\/\\\/www.bisly.com\\\/lv#website\"},\"primaryImageOfPage\":{\"@id\":\"https:\\\/\\\/www.bisly.com\\\/lv#primaryimage\"},\"image\":{\"@id\":\"https:\\\/\\\/www.bisly.com\\\/lv#primaryimage\"},\"thumbnailUrl\":\"https:\\\/\\\/www.bisly.com\\\/wp-content\\\/uploads\\\/2024\\\/09\\\/bisly-logo.svg\",\"datePublished\":\"2024-06-20T11:58:07+00:00\",\"dateModified\":\"2026-04-16T06:51:49+00:00\",\"breadcrumb\":{\"@id\":\"https:\\\/\\\/www.bisly.com\\\/lv#breadcrumb\"},\"inLanguage\":\"lv-LV\",\"potentialAction\":[{\"@type\":\"ReadAction\",\"target\":[\"https:\\\/\\\/www.bisly.com\\\/lv\"]}]},{\"@type\":\"ImageObject\",\"inLanguage\":\"lv-LV\",\"@id\":\"https:\\\/\\\/www.bisly.com\\\/lv#primaryimage\",\"url\":\"https:\\\/\\\/www.bisly.com\\\/wp-content\\\/uploads\\\/2024\\\/09\\\/bisly-logo.svg\",\"contentUrl\":\"https:\\\/\\\/www.bisly.com\\\/wp-content\\\/uploads\\\/2024\\\/09\\\/bisly-logo.svg\",\"width\":120,\"height\":41,\"caption\":\"Scalable Building Automation\"},{\"@type\":\"BreadcrumbList\",\"@id\":\"https:\\\/\\\/www.bisly.com\\\/lv#breadcrumb\",\"itemListElement\":[{\"@type\":\"ListItem\",\"position\":1,\"name\":\"Home\",\"item\":\"https:\\\/\\\/www.bisly.com\\\/lv\"},{\"@type\":\"ListItem\",\"position\":2,\"name\":\"Bisly \u2014 m\u0113rogojam\u0101 \u0113ku automatiz\u0101cija\"}]},{\"@type\":\"WebSite\",\"@id\":\"https:\\\/\\\/www.bisly.com\\\/lv#website\",\"url\":\"https:\\\/\\\/www.bisly.com\\\/lv\",\"name\":\"Bisly\",\"description\":\"\",\"publisher\":{\"@id\":\"https:\\\/\\\/www.bisly.com\\\/lv#organization\"},\"potentialAction\":[{\"@type\":\"SearchAction\",\"target\":{\"@type\":\"EntryPoint\",\"urlTemplate\":\"https:\\\/\\\/www.bisly.com\\\/lv?s={search_term_string}\"},\"query-input\":{\"@type\":\"PropertyValueSpecification\",\"valueRequired\":true,\"valueName\":\"search_term_string\"}}],\"inLanguage\":\"lv-LV\"},{\"@type\":\"Organization\",\"@id\":\"https:\\\/\\\/www.bisly.com\\\/lv#organization\",\"name\":\"Bisly\",\"url\":\"https:\\\/\\\/www.bisly.com\\\/lv\",\"logo\":{\"@type\":\"ImageObject\",\"inLanguage\":\"lv-LV\",\"@id\":\"https:\\\/\\\/www.bisly.com\\\/lv#\\\/schema\\\/logo\\\/image\\\/\",\"url\":\"https:\\\/\\\/www.bisly.com\\\/wp-content\\\/uploads\\\/2024\\\/09\\\/bisly-logo.svg\",\"contentUrl\":\"https:\\\/\\\/www.bisly.com\\\/wp-content\\\/uploads\\\/2024\\\/09\\\/bisly-logo.svg\",\"width\":120,\"height\":41,\"caption\":\"Bisly\"},\"image\":{\"@id\":\"https:\\\/\\\/www.bisly.com\\\/lv#\\\/schema\\\/logo\\\/image\\\/\"},\"sameAs\":[\"https:\\\/\\\/www.facebook.com\\\/bisly.tech\\\/\",\"https:\\\/\\\/ee.linkedin.com\\\/company\\\/bislytech\"]}]}<\/script>\n<!-- \/ Yoast SEO Premium plugin. -->","yoast_head_json":{"title":"Bisly \u2014 m\u0113rogojam\u0101 \u0113ku automatiz\u0101cija - Bisly","robots":{"index":"index","follow":"follow","max-snippet":"max-snippet:-1","max-image-preview":"max-image-preview:large","max-video-preview":"max-video-preview:-1"},"canonical":"https:\/\/www.bisly.com\/lv","og_locale":"lv_LV","og_type":"article","og_title":"Bisly \u2014 m\u0113rogojam\u0101 \u0113ku automatiz\u0101cija","og_url":"https:\/\/www.bisly.com\/lv","og_site_name":"Bisly","article_publisher":"https:\/\/www.facebook.com\/bisly.tech\/","article_modified_time":"2026-04-16T06:51:49+00:00","twitter_card":"summary_large_image","twitter_misc":{"Est. reading time":"1 minute"},"schema":{"@context":"https:\/\/schema.org","@graph":[{"@type":"WebPage","@id":"https:\/\/www.bisly.com\/lv","url":"https:\/\/www.bisly.com\/lv","name":"Bisly \u2014 m\u0113rogojam\u0101 \u0113ku automatiz\u0101cija - Bisly","isPartOf":{"@id":"https:\/\/www.bisly.com\/lv#website"},"primaryImageOfPage":{"@id":"https:\/\/www.bisly.com\/lv#primaryimage"},"image":{"@id":"https:\/\/www.bisly.com\/lv#primaryimage"},"thumbnailUrl":"https:\/\/www.bisly.com\/wp-content\/uploads\/2024\/09\/bisly-logo.svg","datePublished":"2024-06-20T11:58:07+00:00","dateModified":"2026-04-16T06:51:49+00:00","breadcrumb":{"@id":"https:\/\/www.bisly.com\/lv#breadcrumb"},"inLanguage":"lv-LV","potentialAction":[{"@type":"ReadAction","target":["https:\/\/www.bisly.com\/lv"]}]},{"@type":"ImageObject","inLanguage":"lv-LV","@id":"https:\/\/www.bisly.com\/lv#primaryimage","url":"https:\/\/www.bisly.com\/wp-content\/uploads\/2024\/09\/bisly-logo.svg","contentUrl":"https:\/\/www.bisly.com\/wp-content\/uploads\/2024\/09\/bisly-logo.svg","width":120,"height":41,"caption":"Scalable Building Automation"},{"@type":"BreadcrumbList","@id":"https:\/\/www.bisly.com\/lv#breadcrumb","itemListElement":[{"@type":"ListItem","position":1,"name":"Home","item":"https:\/\/www.bisly.com\/lv"},{"@type":"ListItem","position":2,"name":"Bisly \u2014 m\u0113rogojam\u0101 \u0113ku automatiz\u0101cija"}]},{"@type":"WebSite","@id":"https:\/\/www.bisly.com\/lv#website","url":"https:\/\/www.bisly.com\/lv","name":"Bisly","description":"","publisher":{"@id":"https:\/\/www.bisly.com\/lv#organization"},"potentialAction":[{"@type":"SearchAction","target":{"@type":"EntryPoint","urlTemplate":"https:\/\/www.bisly.com\/lv?s={search_term_string}"},"query-input":{"@type":"PropertyValueSpecification","valueRequired":true,"valueName":"search_term_string"}}],"inLanguage":"lv-LV"},{"@type":"Organization","@id":"https:\/\/www.bisly.com\/lv#organization","name":"Bisly","url":"https:\/\/www.bisly.com\/lv","logo":{"@type":"ImageObject","inLanguage":"lv-LV","@id":"https:\/\/www.bisly.com\/lv#\/schema\/logo\/image\/","url":"https:\/\/www.bisly.com\/wp-content\/uploads\/2024\/09\/bisly-logo.svg","contentUrl":"https:\/\/www.bisly.com\/wp-content\/uploads\/2024\/09\/bisly-logo.svg","width":120,"height":41,"caption":"Bisly"},"image":{"@id":"https:\/\/www.bisly.com\/lv#\/schema\/logo\/image\/"},"sameAs":["https:\/\/www.facebook.com\/bisly.tech\/","https:\/\/ee.linkedin.com\/company\/bislytech"]}]}},"_links":{"self":[{"href":"https:\/\/www.bisly.com\/lv\/wp-json\/wp\/v2\/pages\/10084","targetHints":{"allow":["GET"]}}],"collection":[{"href":"https:\/\/www.bisly.com\/lv\/wp-json\/wp\/v2\/pages"}],"about":[{"href":"https:\/\/www.bisly.com\/lv\/wp-json\/wp\/v2\/types\/page"}],"author":[{"embeddable":true,"href":"https:\/\/www.bisly.com\/lv\/wp-json\/wp\/v2\/users\/15"}],"replies":[{"embeddable":true,"href":"https:\/\/www.bisly.com\/lv\/wp-json\/wp\/v2\/comments?post=10084"}],"version-history":[{"count":10,"href":"https:\/\/www.bisly.com\/lv\/wp-json\/wp\/v2\/pages\/10084\/revisions"}],"predecessor-version":[{"id":10212,"href":"https:\/\/www.bisly.com\/lv\/wp-json\/wp\/v2\/pages\/10084\/revisions\/10212"}],"wp:featuredmedia":[{"embeddable":true,"href":"https:\/\/www.bisly.com\/lv\/wp-json\/wp\/v2\/media\/10111"}],"wp:attachment":[{"href":"https:\/\/www.bisly.com\/lv\/wp-json\/wp\/v2\/media?parent=10084"}],"curies":[{"name":"wp","href":"https:\/\/api.w.org\/{rel}","templated":true}]}}