{"id":10793,"date":"2025-09-12T07:11:07","date_gmt":"2025-09-12T06:11:07","guid":{"rendered":"https:\/\/www.bisly.com\/?page_id=10793"},"modified":"2026-04-17T08:59:54","modified_gmt":"2026-04-17T07:59:54","slug":"ietaupijumi-eku-automatizacijas-projektos","status":"publish","type":"page","link":"https:\/\/www.bisly.com\/lv\/ietaupijumi-eku-automatizacijas-projektos","title":{"rendered":"Ietaupiet uz \u0113ku automatiz\u0101cijas projektiem un palieliniet savu pe\u013c\u0146as normu"},"content":{"rendered":"","protected":false},"excerpt":{"rendered":"","protected":false},"author":15,"featured_media":0,"parent":0,"menu_order":0,"comment_status":"closed","ping_status":"closed","template":"","meta":{"_acf_changed":false,"footnotes":""},"class_list":["post-10793","page","type-page","status-publish","hentry"],"acf":[],"yoast_head":"<!-- This site is optimized with the Yoast SEO Premium plugin v23.5 (Yoast SEO v27.4) - https:\/\/yoast.com\/product\/yoast-seo-premium-wordpress\/ -->\n<title>Ietaupiet uz \u0113ku automatiz\u0101cijas projektiem un palieliniet savu pe\u013c\u0146as normu - Bisly<\/title>\n<meta name=\"robots\" content=\"index, follow, max-snippet:-1, max-image-preview:large, max-video-preview:-1\" \/>\n<link rel=\"canonical\" href=\"https:\/\/www.bisly.com\/lv\/ietaupijumi-eku-automatizacijas-projektos\" \/>\n<meta property=\"og:locale\" content=\"lv_LV\" \/>\n<meta property=\"og:type\" content=\"article\" \/>\n<meta property=\"og:title\" content=\"Ietaupiet uz \u0113ku automatiz\u0101cijas projektiem un palieliniet savu pe\u013c\u0146as normu\" \/>\n<meta property=\"og:url\" content=\"https:\/\/www.bisly.com\/lv\/ietaupijumi-eku-automatizacijas-projektos\" \/>\n<meta property=\"og:site_name\" content=\"Bisly\" \/>\n<meta property=\"article:publisher\" content=\"https:\/\/www.facebook.com\/bisly.tech\/\" \/>\n<meta property=\"article:modified_time\" content=\"2026-04-17T07:59:54+00:00\" \/>\n<meta name=\"twitter:card\" content=\"summary_large_image\" \/>\n<script type=\"application\/ld+json\" class=\"yoast-schema-graph\">{\"@context\":\"https:\\\/\\\/schema.org\",\"@graph\":[{\"@type\":\"WebPage\",\"@id\":\"https:\\\/\\\/www.bisly.com\\\/lv\\\/ietaupijumi-eku-automatizacijas-projektos\",\"url\":\"https:\\\/\\\/www.bisly.com\\\/lv\\\/ietaupijumi-eku-automatizacijas-projektos\",\"name\":\"Ietaupiet uz \u0113ku automatiz\u0101cijas projektiem un palieliniet savu pe\u013c\u0146as normu - Bisly\",\"isPartOf\":{\"@id\":\"https:\\\/\\\/www.bisly.com\\\/lv#website\"},\"datePublished\":\"2025-09-12T06:11:07+00:00\",\"dateModified\":\"2026-04-17T07:59:54+00:00\",\"breadcrumb\":{\"@id\":\"https:\\\/\\\/www.bisly.com\\\/lv\\\/ietaupijumi-eku-automatizacijas-projektos#breadcrumb\"},\"inLanguage\":\"lv-LV\",\"potentialAction\":[{\"@type\":\"ReadAction\",\"target\":[\"https:\\\/\\\/www.bisly.com\\\/lv\\\/ietaupijumi-eku-automatizacijas-projektos\"]}]},{\"@type\":\"BreadcrumbList\",\"@id\":\"https:\\\/\\\/www.bisly.com\\\/lv\\\/ietaupijumi-eku-automatizacijas-projektos#breadcrumb\",\"itemListElement\":[{\"@type\":\"ListItem\",\"position\":1,\"name\":\"Home\",\"item\":\"https:\\\/\\\/www.bisly.com\\\/lv\"},{\"@type\":\"ListItem\",\"position\":2,\"name\":\"Ietaupiet uz \u0113ku automatiz\u0101cijas projektiem un palieliniet savu pe\u013c\u0146as normu\"}]},{\"@type\":\"WebSite\",\"@id\":\"https:\\\/\\\/www.bisly.com\\\/lv#website\",\"url\":\"https:\\\/\\\/www.bisly.com\\\/lv\",\"name\":\"Bisly\",\"description\":\"\",\"publisher\":{\"@id\":\"https:\\\/\\\/www.bisly.com\\\/lv#organization\"},\"potentialAction\":[{\"@type\":\"SearchAction\",\"target\":{\"@type\":\"EntryPoint\",\"urlTemplate\":\"https:\\\/\\\/www.bisly.com\\\/lv?s={search_term_string}\"},\"query-input\":{\"@type\":\"PropertyValueSpecification\",\"valueRequired\":true,\"valueName\":\"search_term_string\"}}],\"inLanguage\":\"lv-LV\"},{\"@type\":\"Organization\",\"@id\":\"https:\\\/\\\/www.bisly.com\\\/lv#organization\",\"name\":\"Bisly\",\"url\":\"https:\\\/\\\/www.bisly.com\\\/lv\",\"logo\":{\"@type\":\"ImageObject\",\"inLanguage\":\"lv-LV\",\"@id\":\"https:\\\/\\\/www.bisly.com\\\/lv#\\\/schema\\\/logo\\\/image\\\/\",\"url\":\"https:\\\/\\\/www.bisly.com\\\/wp-content\\\/uploads\\\/2024\\\/09\\\/bisly-logo.svg\",\"contentUrl\":\"https:\\\/\\\/www.bisly.com\\\/wp-content\\\/uploads\\\/2024\\\/09\\\/bisly-logo.svg\",\"width\":120,\"height\":41,\"caption\":\"Bisly\"},\"image\":{\"@id\":\"https:\\\/\\\/www.bisly.com\\\/lv#\\\/schema\\\/logo\\\/image\\\/\"},\"sameAs\":[\"https:\\\/\\\/www.facebook.com\\\/bisly.tech\\\/\",\"https:\\\/\\\/ee.linkedin.com\\\/company\\\/bislytech\"]}]}<\/script>\n<!-- \/ Yoast SEO Premium plugin. -->","yoast_head_json":{"title":"Ietaupiet uz \u0113ku automatiz\u0101cijas projektiem un palieliniet savu pe\u013c\u0146as normu - Bisly","robots":{"index":"index","follow":"follow","max-snippet":"max-snippet:-1","max-image-preview":"max-image-preview:large","max-video-preview":"max-video-preview:-1"},"canonical":"https:\/\/www.bisly.com\/lv\/ietaupijumi-eku-automatizacijas-projektos","og_locale":"lv_LV","og_type":"article","og_title":"Ietaupiet uz \u0113ku automatiz\u0101cijas projektiem un palieliniet savu pe\u013c\u0146as normu","og_url":"https:\/\/www.bisly.com\/lv\/ietaupijumi-eku-automatizacijas-projektos","og_site_name":"Bisly","article_publisher":"https:\/\/www.facebook.com\/bisly.tech\/","article_modified_time":"2026-04-17T07:59:54+00:00","twitter_card":"summary_large_image","schema":{"@context":"https:\/\/schema.org","@graph":[{"@type":"WebPage","@id":"https:\/\/www.bisly.com\/lv\/ietaupijumi-eku-automatizacijas-projektos","url":"https:\/\/www.bisly.com\/lv\/ietaupijumi-eku-automatizacijas-projektos","name":"Ietaupiet uz \u0113ku automatiz\u0101cijas projektiem un palieliniet savu pe\u013c\u0146as normu - Bisly","isPartOf":{"@id":"https:\/\/www.bisly.com\/lv#website"},"datePublished":"2025-09-12T06:11:07+00:00","dateModified":"2026-04-17T07:59:54+00:00","breadcrumb":{"@id":"https:\/\/www.bisly.com\/lv\/ietaupijumi-eku-automatizacijas-projektos#breadcrumb"},"inLanguage":"lv-LV","potentialAction":[{"@type":"ReadAction","target":["https:\/\/www.bisly.com\/lv\/ietaupijumi-eku-automatizacijas-projektos"]}]},{"@type":"BreadcrumbList","@id":"https:\/\/www.bisly.com\/lv\/ietaupijumi-eku-automatizacijas-projektos#breadcrumb","itemListElement":[{"@type":"ListItem","position":1,"name":"Home","item":"https:\/\/www.bisly.com\/lv"},{"@type":"ListItem","position":2,"name":"Ietaupiet uz \u0113ku automatiz\u0101cijas projektiem un palieliniet savu pe\u013c\u0146as normu"}]},{"@type":"WebSite","@id":"https:\/\/www.bisly.com\/lv#website","url":"https:\/\/www.bisly.com\/lv","name":"Bisly","description":"","publisher":{"@id":"https:\/\/www.bisly.com\/lv#organization"},"potentialAction":[{"@type":"SearchAction","target":{"@type":"EntryPoint","urlTemplate":"https:\/\/www.bisly.com\/lv?s={search_term_string}"},"query-input":{"@type":"PropertyValueSpecification","valueRequired":true,"valueName":"search_term_string"}}],"inLanguage":"lv-LV"},{"@type":"Organization","@id":"https:\/\/www.bisly.com\/lv#organization","name":"Bisly","url":"https:\/\/www.bisly.com\/lv","logo":{"@type":"ImageObject","inLanguage":"lv-LV","@id":"https:\/\/www.bisly.com\/lv#\/schema\/logo\/image\/","url":"https:\/\/www.bisly.com\/wp-content\/uploads\/2024\/09\/bisly-logo.svg","contentUrl":"https:\/\/www.bisly.com\/wp-content\/uploads\/2024\/09\/bisly-logo.svg","width":120,"height":41,"caption":"Bisly"},"image":{"@id":"https:\/\/www.bisly.com\/lv#\/schema\/logo\/image\/"},"sameAs":["https:\/\/www.facebook.com\/bisly.tech\/","https:\/\/ee.linkedin.com\/company\/bislytech"]}]}},"_links":{"self":[{"href":"https:\/\/www.bisly.com\/lv\/wp-json\/wp\/v2\/pages\/10793","targetHints":{"allow":["GET"]}}],"collection":[{"href":"https:\/\/www.bisly.com\/lv\/wp-json\/wp\/v2\/pages"}],"about":[{"href":"https:\/\/www.bisly.com\/lv\/wp-json\/wp\/v2\/types\/page"}],"author":[{"embeddable":true,"href":"https:\/\/www.bisly.com\/lv\/wp-json\/wp\/v2\/users\/15"}],"replies":[{"embeddable":true,"href":"https:\/\/www.bisly.com\/lv\/wp-json\/wp\/v2\/comments?post=10793"}],"version-history":[{"count":1,"href":"https:\/\/www.bisly.com\/lv\/wp-json\/wp\/v2\/pages\/10793\/revisions"}],"predecessor-version":[{"id":10808,"href":"https:\/\/www.bisly.com\/lv\/wp-json\/wp\/v2\/pages\/10793\/revisions\/10808"}],"wp:attachment":[{"href":"https:\/\/www.bisly.com\/lv\/wp-json\/wp\/v2\/media?parent=10793"}],"curies":[{"name":"wp","href":"https:\/\/api.w.org\/{rel}","templated":true}]}}