{"id":8894,"date":"2024-07-19T12:14:29","date_gmt":"2024-07-19T11:14:29","guid":{"rendered":"https:\/\/www.bisly.com\/architekci-i-konsultanci"},"modified":"2025-11-17T14:20:31","modified_gmt":"2025-11-17T13:20:31","slug":"architekci-i-konsultanci","status":"publish","type":"page","link":"https:\/\/www.bisly.com\/pl\/dlaczego-bisly\/architekci-i-konsultanci","title":{"rendered":"Architekci i konsultanci"},"content":{"rendered":"","protected":false},"excerpt":{"rendered":"","protected":false},"author":5,"featured_media":9069,"parent":9053,"menu_order":4,"comment_status":"closed","ping_status":"closed","template":"","meta":{"_acf_changed":false,"footnotes":""},"class_list":["post-8894","page","type-page","status-publish","has-post-thumbnail","hentry"],"acf":[],"yoast_head":"<!-- This site is optimized with the Yoast SEO Premium plugin v23.5 (Yoast SEO v27.3) - https:\/\/yoast.com\/product\/yoast-seo-premium-wordpress\/ -->\n<title>Automatyka budynkowa Bisly dla architekt\u00f3w i konsultant\u00f3w | Bisly<\/title>\n<meta name=\"description\" content=\"Automatyka budynkowa Bisly dla architekt\u00f3w i konsultant\u00f3w - projektuj m\u0105drzej, \u0142atwiej i bardziej ekologicznie. Zr\u00f3wnowa\u017cone rozwi\u0105zania budynkowe to\" \/>\n<meta name=\"robots\" content=\"index, follow, max-snippet:-1, max-image-preview:large, max-video-preview:-1\" \/>\n<link rel=\"canonical\" href=\"https:\/\/www.bisly.com\/pl\/dlaczego-bisly\/architekci-i-konsultanci\" \/>\n<meta property=\"og:locale\" content=\"pl_PL\" \/>\n<meta property=\"og:type\" content=\"article\" \/>\n<meta property=\"og:title\" content=\"Architekci i konsultanci\" \/>\n<meta property=\"og:description\" content=\"Automatyka budynkowa Bisly dla architekt\u00f3w i konsultant\u00f3w - projektuj m\u0105drzej, \u0142atwiej i bardziej ekologicznie. Zr\u00f3wnowa\u017cone rozwi\u0105zania budynkowe to\" \/>\n<meta property=\"og:url\" content=\"https:\/\/www.bisly.com\/pl\/dlaczego-bisly\/architekci-i-konsultanci\" \/>\n<meta property=\"og:site_name\" content=\"Bisly\" \/>\n<meta property=\"article:publisher\" content=\"https:\/\/www.facebook.com\/bisly.tech\/\" \/>\n<meta property=\"article:modified_time\" content=\"2025-11-17T13:20:31+00:00\" \/>\n<meta property=\"og:image\" content=\"https:\/\/www.bisly.com\/wp-content\/uploads\/2025\/07\/Vista.jpg\" \/>\n\t<meta property=\"og:image:width\" content=\"1600\" \/>\n\t<meta property=\"og:image:height\" content=\"900\" \/>\n\t<meta property=\"og:image:type\" content=\"image\/jpeg\" \/>\n<meta name=\"twitter:card\" content=\"summary_large_image\" \/>\n<meta name=\"twitter:label1\" content=\"Szacowany czas czytania\" \/>\n\t<meta name=\"twitter:data1\" content=\"1 minuta\" \/>\n<script type=\"application\/ld+json\" class=\"yoast-schema-graph\">{\"@context\":\"https:\\\/\\\/schema.org\",\"@graph\":[{\"@type\":\"WebPage\",\"@id\":\"https:\\\/\\\/www.bisly.com\\\/pl\\\/dlaczego-bisly\\\/architekci-i-konsultanci\",\"url\":\"https:\\\/\\\/www.bisly.com\\\/pl\\\/dlaczego-bisly\\\/architekci-i-konsultanci\",\"name\":\"Automatyka budynkowa Bisly dla architekt\u00f3w i konsultant\u00f3w | Bisly\",\"isPartOf\":{\"@id\":\"https:\\\/\\\/www.bisly.com\\\/pl#website\"},\"primaryImageOfPage\":{\"@id\":\"https:\\\/\\\/www.bisly.com\\\/pl\\\/dlaczego-bisly\\\/architekci-i-konsultanci#primaryimage\"},\"image\":{\"@id\":\"https:\\\/\\\/www.bisly.com\\\/pl\\\/dlaczego-bisly\\\/architekci-i-konsultanci#primaryimage\"},\"thumbnailUrl\":\"https:\\\/\\\/www.bisly.com\\\/wp-content\\\/uploads\\\/2025\\\/07\\\/Vista.jpg\",\"datePublished\":\"2024-07-19T11:14:29+00:00\",\"dateModified\":\"2025-11-17T13:20:31+00:00\",\"description\":\"Automatyka budynkowa Bisly dla architekt\u00f3w i konsultant\u00f3w - projektuj m\u0105drzej, \u0142atwiej i bardziej ekologicznie. Zr\u00f3wnowa\u017cone rozwi\u0105zania budynkowe to\",\"breadcrumb\":{\"@id\":\"https:\\\/\\\/www.bisly.com\\\/pl\\\/dlaczego-bisly\\\/architekci-i-konsultanci#breadcrumb\"},\"inLanguage\":\"pl-PL\",\"potentialAction\":[{\"@type\":\"ReadAction\",\"target\":[\"https:\\\/\\\/www.bisly.com\\\/pl\\\/dlaczego-bisly\\\/architekci-i-konsultanci\"]}]},{\"@type\":\"ImageObject\",\"inLanguage\":\"pl-PL\",\"@id\":\"https:\\\/\\\/www.bisly.com\\\/pl\\\/dlaczego-bisly\\\/architekci-i-konsultanci#primaryimage\",\"url\":\"https:\\\/\\\/www.bisly.com\\\/wp-content\\\/uploads\\\/2025\\\/07\\\/Vista.jpg\",\"contentUrl\":\"https:\\\/\\\/www.bisly.com\\\/wp-content\\\/uploads\\\/2025\\\/07\\\/Vista.jpg\",\"width\":1600,\"height\":900,\"caption\":\"smart building automation solution\"},{\"@type\":\"BreadcrumbList\",\"@id\":\"https:\\\/\\\/www.bisly.com\\\/pl\\\/dlaczego-bisly\\\/architekci-i-konsultanci#breadcrumb\",\"itemListElement\":[{\"@type\":\"ListItem\",\"position\":1,\"name\":\"Home\",\"item\":\"https:\\\/\\\/www.bisly.com\\\/pl\"},{\"@type\":\"ListItem\",\"position\":2,\"name\":\"Dlaczego Bisly\",\"item\":\"https:\\\/\\\/www.bisly.com\\\/pl\\\/dlaczego-bisly\"},{\"@type\":\"ListItem\",\"position\":3,\"name\":\"Architekci i konsultanci\"}]},{\"@type\":\"WebSite\",\"@id\":\"https:\\\/\\\/www.bisly.com\\\/pl#website\",\"url\":\"https:\\\/\\\/www.bisly.com\\\/pl\",\"name\":\"Bisly\",\"description\":\"\",\"publisher\":{\"@id\":\"https:\\\/\\\/www.bisly.com\\\/pl#organization\"},\"potentialAction\":[{\"@type\":\"SearchAction\",\"target\":{\"@type\":\"EntryPoint\",\"urlTemplate\":\"https:\\\/\\\/www.bisly.com\\\/pl?s={search_term_string}\"},\"query-input\":{\"@type\":\"PropertyValueSpecification\",\"valueRequired\":true,\"valueName\":\"search_term_string\"}}],\"inLanguage\":\"pl-PL\"},{\"@type\":\"Organization\",\"@id\":\"https:\\\/\\\/www.bisly.com\\\/pl#organization\",\"name\":\"Bisly\",\"url\":\"https:\\\/\\\/www.bisly.com\\\/pl\",\"logo\":{\"@type\":\"ImageObject\",\"inLanguage\":\"pl-PL\",\"@id\":\"https:\\\/\\\/www.bisly.com\\\/pl#\\\/schema\\\/logo\\\/image\\\/\",\"url\":\"https:\\\/\\\/www.bisly.com\\\/wp-content\\\/uploads\\\/2024\\\/09\\\/bisly-logo.svg\",\"contentUrl\":\"https:\\\/\\\/www.bisly.com\\\/wp-content\\\/uploads\\\/2024\\\/09\\\/bisly-logo.svg\",\"width\":120,\"height\":41,\"caption\":\"Bisly\"},\"image\":{\"@id\":\"https:\\\/\\\/www.bisly.com\\\/pl#\\\/schema\\\/logo\\\/image\\\/\"},\"sameAs\":[\"https:\\\/\\\/www.facebook.com\\\/bisly.tech\\\/\",\"https:\\\/\\\/ee.linkedin.com\\\/company\\\/bislytech\"]}]}<\/script>\n<!-- \/ Yoast SEO Premium plugin. -->","yoast_head_json":{"title":"Automatyka budynkowa Bisly dla architekt\u00f3w i konsultant\u00f3w | Bisly","description":"Automatyka budynkowa Bisly dla architekt\u00f3w i konsultant\u00f3w - projektuj m\u0105drzej, \u0142atwiej i bardziej ekologicznie. Zr\u00f3wnowa\u017cone rozwi\u0105zania budynkowe to","robots":{"index":"index","follow":"follow","max-snippet":"max-snippet:-1","max-image-preview":"max-image-preview:large","max-video-preview":"max-video-preview:-1"},"canonical":"https:\/\/www.bisly.com\/pl\/dlaczego-bisly\/architekci-i-konsultanci","og_locale":"pl_PL","og_type":"article","og_title":"Architekci i konsultanci","og_description":"Automatyka budynkowa Bisly dla architekt\u00f3w i konsultant\u00f3w - projektuj m\u0105drzej, \u0142atwiej i bardziej ekologicznie. Zr\u00f3wnowa\u017cone rozwi\u0105zania budynkowe to","og_url":"https:\/\/www.bisly.com\/pl\/dlaczego-bisly\/architekci-i-konsultanci","og_site_name":"Bisly","article_publisher":"https:\/\/www.facebook.com\/bisly.tech\/","article_modified_time":"2025-11-17T13:20:31+00:00","og_image":[{"width":1600,"height":900,"url":"https:\/\/www.bisly.com\/wp-content\/uploads\/2025\/07\/Vista.jpg","type":"image\/jpeg"}],"twitter_card":"summary_large_image","twitter_misc":{"Szacowany czas czytania":"1 minuta"},"schema":{"@context":"https:\/\/schema.org","@graph":[{"@type":"WebPage","@id":"https:\/\/www.bisly.com\/pl\/dlaczego-bisly\/architekci-i-konsultanci","url":"https:\/\/www.bisly.com\/pl\/dlaczego-bisly\/architekci-i-konsultanci","name":"Automatyka budynkowa Bisly dla architekt\u00f3w i konsultant\u00f3w | Bisly","isPartOf":{"@id":"https:\/\/www.bisly.com\/pl#website"},"primaryImageOfPage":{"@id":"https:\/\/www.bisly.com\/pl\/dlaczego-bisly\/architekci-i-konsultanci#primaryimage"},"image":{"@id":"https:\/\/www.bisly.com\/pl\/dlaczego-bisly\/architekci-i-konsultanci#primaryimage"},"thumbnailUrl":"https:\/\/www.bisly.com\/wp-content\/uploads\/2025\/07\/Vista.jpg","datePublished":"2024-07-19T11:14:29+00:00","dateModified":"2025-11-17T13:20:31+00:00","description":"Automatyka budynkowa Bisly dla architekt\u00f3w i konsultant\u00f3w - projektuj m\u0105drzej, \u0142atwiej i bardziej ekologicznie. Zr\u00f3wnowa\u017cone rozwi\u0105zania budynkowe to","breadcrumb":{"@id":"https:\/\/www.bisly.com\/pl\/dlaczego-bisly\/architekci-i-konsultanci#breadcrumb"},"inLanguage":"pl-PL","potentialAction":[{"@type":"ReadAction","target":["https:\/\/www.bisly.com\/pl\/dlaczego-bisly\/architekci-i-konsultanci"]}]},{"@type":"ImageObject","inLanguage":"pl-PL","@id":"https:\/\/www.bisly.com\/pl\/dlaczego-bisly\/architekci-i-konsultanci#primaryimage","url":"https:\/\/www.bisly.com\/wp-content\/uploads\/2025\/07\/Vista.jpg","contentUrl":"https:\/\/www.bisly.com\/wp-content\/uploads\/2025\/07\/Vista.jpg","width":1600,"height":900,"caption":"smart building automation solution"},{"@type":"BreadcrumbList","@id":"https:\/\/www.bisly.com\/pl\/dlaczego-bisly\/architekci-i-konsultanci#breadcrumb","itemListElement":[{"@type":"ListItem","position":1,"name":"Home","item":"https:\/\/www.bisly.com\/pl"},{"@type":"ListItem","position":2,"name":"Dlaczego Bisly","item":"https:\/\/www.bisly.com\/pl\/dlaczego-bisly"},{"@type":"ListItem","position":3,"name":"Architekci i konsultanci"}]},{"@type":"WebSite","@id":"https:\/\/www.bisly.com\/pl#website","url":"https:\/\/www.bisly.com\/pl","name":"Bisly","description":"","publisher":{"@id":"https:\/\/www.bisly.com\/pl#organization"},"potentialAction":[{"@type":"SearchAction","target":{"@type":"EntryPoint","urlTemplate":"https:\/\/www.bisly.com\/pl?s={search_term_string}"},"query-input":{"@type":"PropertyValueSpecification","valueRequired":true,"valueName":"search_term_string"}}],"inLanguage":"pl-PL"},{"@type":"Organization","@id":"https:\/\/www.bisly.com\/pl#organization","name":"Bisly","url":"https:\/\/www.bisly.com\/pl","logo":{"@type":"ImageObject","inLanguage":"pl-PL","@id":"https:\/\/www.bisly.com\/pl#\/schema\/logo\/image\/","url":"https:\/\/www.bisly.com\/wp-content\/uploads\/2024\/09\/bisly-logo.svg","contentUrl":"https:\/\/www.bisly.com\/wp-content\/uploads\/2024\/09\/bisly-logo.svg","width":120,"height":41,"caption":"Bisly"},"image":{"@id":"https:\/\/www.bisly.com\/pl#\/schema\/logo\/image\/"},"sameAs":["https:\/\/www.facebook.com\/bisly.tech\/","https:\/\/ee.linkedin.com\/company\/bislytech"]}]}},"_links":{"self":[{"href":"https:\/\/www.bisly.com\/pl\/wp-json\/wp\/v2\/pages\/8894","targetHints":{"allow":["GET"]}}],"collection":[{"href":"https:\/\/www.bisly.com\/pl\/wp-json\/wp\/v2\/pages"}],"about":[{"href":"https:\/\/www.bisly.com\/pl\/wp-json\/wp\/v2\/types\/page"}],"author":[{"embeddable":true,"href":"https:\/\/www.bisly.com\/pl\/wp-json\/wp\/v2\/users\/5"}],"replies":[{"embeddable":true,"href":"https:\/\/www.bisly.com\/pl\/wp-json\/wp\/v2\/comments?post=8894"}],"version-history":[{"count":8,"href":"https:\/\/www.bisly.com\/pl\/wp-json\/wp\/v2\/pages\/8894\/revisions"}],"predecessor-version":[{"id":9773,"href":"https:\/\/www.bisly.com\/pl\/wp-json\/wp\/v2\/pages\/8894\/revisions\/9773"}],"up":[{"embeddable":true,"href":"https:\/\/www.bisly.com\/pl\/wp-json\/wp\/v2\/pages\/9053"}],"wp:featuredmedia":[{"embeddable":true,"href":"https:\/\/www.bisly.com\/pl\/wp-json\/wp\/v2\/media\/9069"}],"wp:attachment":[{"href":"https:\/\/www.bisly.com\/pl\/wp-json\/wp\/v2\/media?parent=8894"}],"curies":[{"name":"wp","href":"https:\/\/api.w.org\/{rel}","templated":true}]}}