{"id":8895,"date":"2024-08-01T07:17:53","date_gmt":"2024-08-01T06:17:53","guid":{"rendered":"https:\/\/www.bisly.com\/skontaktuj-sie-z-obsluga-klienta"},"modified":"2025-11-24T15:45:31","modified_gmt":"2025-11-24T14:45:31","slug":"skontaktuj-sie-z-obsluga-klienta","status":"publish","type":"page","link":"https:\/\/www.bisly.com\/pl\/skontaktuj-sie-z-obsluga-klienta","title":{"rendered":"Skontaktuj si\u0119 z obs\u0142ug\u0105 klienta"},"content":{"rendered":"","protected":false},"excerpt":{"rendered":"","protected":false},"author":1,"featured_media":9107,"parent":0,"menu_order":2,"comment_status":"closed","ping_status":"closed","template":"","meta":{"_acf_changed":false,"footnotes":""},"class_list":["post-8895","page","type-page","status-publish","has-post-thumbnail","hentry"],"acf":[],"yoast_head":"<!-- This site is optimized with the Yoast SEO Premium plugin v23.5 (Yoast SEO v27.3) - https:\/\/yoast.com\/product\/yoast-seo-premium-wordpress\/ -->\n<title>Skontaktuj si\u0119 z obs\u0142ug\u0105 klienta - Bisly<\/title>\n<meta name=\"description\" content=\"We\u2019re here to help. If you are a Bisly user and have any questions, submit yourquestion to Bisly Customer Support today!\" \/>\n<meta name=\"robots\" content=\"index, follow, max-snippet:-1, max-image-preview:large, max-video-preview:-1\" \/>\n<link rel=\"canonical\" href=\"https:\/\/www.bisly.com\/pl\/skontaktuj-sie-z-obsluga-klienta\" \/>\n<meta property=\"og:locale\" content=\"pl_PL\" \/>\n<meta property=\"og:type\" content=\"article\" \/>\n<meta property=\"og:title\" content=\"Skontaktuj si\u0119 z obs\u0142ug\u0105 klienta\" \/>\n<meta property=\"og:description\" content=\"We\u2019re here to help. If you are a Bisly user and have any questions, submit yourquestion to Bisly Customer Support today!\" \/>\n<meta property=\"og:url\" content=\"https:\/\/www.bisly.com\/pl\/skontaktuj-sie-z-obsluga-klienta\" \/>\n<meta property=\"og:site_name\" content=\"Bisly\" \/>\n<meta property=\"article:publisher\" content=\"https:\/\/www.facebook.com\/bisly.tech\/\" \/>\n<meta property=\"article:modified_time\" content=\"2025-11-24T14:45:31+00:00\" \/>\n<meta property=\"og:image\" content=\"https:\/\/www.bisly.com\/wp-content\/uploads\/2025\/09\/Cantact-Success-Managers-scaled.jpg\" \/>\n\t<meta property=\"og:image:width\" content=\"2560\" \/>\n\t<meta property=\"og:image:height\" content=\"1708\" \/>\n\t<meta property=\"og:image:type\" content=\"image\/jpeg\" \/>\n<meta name=\"twitter:card\" content=\"summary_large_image\" \/>\n<meta name=\"twitter:label1\" content=\"Szacowany czas czytania\" \/>\n\t<meta name=\"twitter:data1\" content=\"1 minuta\" \/>\n<script type=\"application\/ld+json\" class=\"yoast-schema-graph\">{\"@context\":\"https:\\\/\\\/schema.org\",\"@graph\":[{\"@type\":\"WebPage\",\"@id\":\"https:\\\/\\\/www.bisly.com\\\/pl\\\/skontaktuj-sie-z-obsluga-klienta\",\"url\":\"https:\\\/\\\/www.bisly.com\\\/pl\\\/skontaktuj-sie-z-obsluga-klienta\",\"name\":\"Skontaktuj si\u0119 z obs\u0142ug\u0105 klienta - Bisly\",\"isPartOf\":{\"@id\":\"https:\\\/\\\/www.bisly.com\\\/pl#website\"},\"primaryImageOfPage\":{\"@id\":\"https:\\\/\\\/www.bisly.com\\\/pl\\\/skontaktuj-sie-z-obsluga-klienta#primaryimage\"},\"image\":{\"@id\":\"https:\\\/\\\/www.bisly.com\\\/pl\\\/skontaktuj-sie-z-obsluga-klienta#primaryimage\"},\"thumbnailUrl\":\"https:\\\/\\\/www.bisly.com\\\/wp-content\\\/uploads\\\/2025\\\/09\\\/Cantact-Success-Managers-scaled.jpg\",\"datePublished\":\"2024-08-01T06:17:53+00:00\",\"dateModified\":\"2025-11-24T14:45:31+00:00\",\"description\":\"We\u2019re here to help. If you are a Bisly user and have any questions, submit yourquestion to Bisly Customer Support today!\",\"breadcrumb\":{\"@id\":\"https:\\\/\\\/www.bisly.com\\\/pl\\\/skontaktuj-sie-z-obsluga-klienta#breadcrumb\"},\"inLanguage\":\"pl-PL\",\"potentialAction\":[{\"@type\":\"ReadAction\",\"target\":[\"https:\\\/\\\/www.bisly.com\\\/pl\\\/skontaktuj-sie-z-obsluga-klienta\"]}]},{\"@type\":\"ImageObject\",\"inLanguage\":\"pl-PL\",\"@id\":\"https:\\\/\\\/www.bisly.com\\\/pl\\\/skontaktuj-sie-z-obsluga-klienta#primaryimage\",\"url\":\"https:\\\/\\\/www.bisly.com\\\/wp-content\\\/uploads\\\/2025\\\/09\\\/Cantact-Success-Managers-scaled.jpg\",\"contentUrl\":\"https:\\\/\\\/www.bisly.com\\\/wp-content\\\/uploads\\\/2025\\\/09\\\/Cantact-Success-Managers-scaled.jpg\",\"width\":2560,\"height\":1708,\"caption\":\"Contact success managers\"},{\"@type\":\"BreadcrumbList\",\"@id\":\"https:\\\/\\\/www.bisly.com\\\/pl\\\/skontaktuj-sie-z-obsluga-klienta#breadcrumb\",\"itemListElement\":[{\"@type\":\"ListItem\",\"position\":1,\"name\":\"Home\",\"item\":\"https:\\\/\\\/www.bisly.com\\\/pl\"},{\"@type\":\"ListItem\",\"position\":2,\"name\":\"Skontaktuj si\u0119 z obs\u0142ug\u0105 klienta\"}]},{\"@type\":\"WebSite\",\"@id\":\"https:\\\/\\\/www.bisly.com\\\/pl#website\",\"url\":\"https:\\\/\\\/www.bisly.com\\\/pl\",\"name\":\"Bisly\",\"description\":\"\",\"publisher\":{\"@id\":\"https:\\\/\\\/www.bisly.com\\\/pl#organization\"},\"potentialAction\":[{\"@type\":\"SearchAction\",\"target\":{\"@type\":\"EntryPoint\",\"urlTemplate\":\"https:\\\/\\\/www.bisly.com\\\/pl?s={search_term_string}\"},\"query-input\":{\"@type\":\"PropertyValueSpecification\",\"valueRequired\":true,\"valueName\":\"search_term_string\"}}],\"inLanguage\":\"pl-PL\"},{\"@type\":\"Organization\",\"@id\":\"https:\\\/\\\/www.bisly.com\\\/pl#organization\",\"name\":\"Bisly\",\"url\":\"https:\\\/\\\/www.bisly.com\\\/pl\",\"logo\":{\"@type\":\"ImageObject\",\"inLanguage\":\"pl-PL\",\"@id\":\"https:\\\/\\\/www.bisly.com\\\/pl#\\\/schema\\\/logo\\\/image\\\/\",\"url\":\"https:\\\/\\\/www.bisly.com\\\/wp-content\\\/uploads\\\/2024\\\/09\\\/bisly-logo.svg\",\"contentUrl\":\"https:\\\/\\\/www.bisly.com\\\/wp-content\\\/uploads\\\/2024\\\/09\\\/bisly-logo.svg\",\"width\":120,\"height\":41,\"caption\":\"Bisly\"},\"image\":{\"@id\":\"https:\\\/\\\/www.bisly.com\\\/pl#\\\/schema\\\/logo\\\/image\\\/\"},\"sameAs\":[\"https:\\\/\\\/www.facebook.com\\\/bisly.tech\\\/\",\"https:\\\/\\\/ee.linkedin.com\\\/company\\\/bislytech\"]}]}<\/script>\n<!-- \/ Yoast SEO Premium plugin. -->","yoast_head_json":{"title":"Skontaktuj si\u0119 z obs\u0142ug\u0105 klienta - Bisly","description":"We\u2019re here to help. If you are a Bisly user and have any questions, submit yourquestion to Bisly Customer Support today!","robots":{"index":"index","follow":"follow","max-snippet":"max-snippet:-1","max-image-preview":"max-image-preview:large","max-video-preview":"max-video-preview:-1"},"canonical":"https:\/\/www.bisly.com\/pl\/skontaktuj-sie-z-obsluga-klienta","og_locale":"pl_PL","og_type":"article","og_title":"Skontaktuj si\u0119 z obs\u0142ug\u0105 klienta","og_description":"We\u2019re here to help. If you are a Bisly user and have any questions, submit yourquestion to Bisly Customer Support today!","og_url":"https:\/\/www.bisly.com\/pl\/skontaktuj-sie-z-obsluga-klienta","og_site_name":"Bisly","article_publisher":"https:\/\/www.facebook.com\/bisly.tech\/","article_modified_time":"2025-11-24T14:45:31+00:00","og_image":[{"width":2560,"height":1708,"url":"https:\/\/www.bisly.com\/wp-content\/uploads\/2025\/09\/Cantact-Success-Managers-scaled.jpg","type":"image\/jpeg"}],"twitter_card":"summary_large_image","twitter_misc":{"Szacowany czas czytania":"1 minuta"},"schema":{"@context":"https:\/\/schema.org","@graph":[{"@type":"WebPage","@id":"https:\/\/www.bisly.com\/pl\/skontaktuj-sie-z-obsluga-klienta","url":"https:\/\/www.bisly.com\/pl\/skontaktuj-sie-z-obsluga-klienta","name":"Skontaktuj si\u0119 z obs\u0142ug\u0105 klienta - Bisly","isPartOf":{"@id":"https:\/\/www.bisly.com\/pl#website"},"primaryImageOfPage":{"@id":"https:\/\/www.bisly.com\/pl\/skontaktuj-sie-z-obsluga-klienta#primaryimage"},"image":{"@id":"https:\/\/www.bisly.com\/pl\/skontaktuj-sie-z-obsluga-klienta#primaryimage"},"thumbnailUrl":"https:\/\/www.bisly.com\/wp-content\/uploads\/2025\/09\/Cantact-Success-Managers-scaled.jpg","datePublished":"2024-08-01T06:17:53+00:00","dateModified":"2025-11-24T14:45:31+00:00","description":"We\u2019re here to help. If you are a Bisly user and have any questions, submit yourquestion to Bisly Customer Support today!","breadcrumb":{"@id":"https:\/\/www.bisly.com\/pl\/skontaktuj-sie-z-obsluga-klienta#breadcrumb"},"inLanguage":"pl-PL","potentialAction":[{"@type":"ReadAction","target":["https:\/\/www.bisly.com\/pl\/skontaktuj-sie-z-obsluga-klienta"]}]},{"@type":"ImageObject","inLanguage":"pl-PL","@id":"https:\/\/www.bisly.com\/pl\/skontaktuj-sie-z-obsluga-klienta#primaryimage","url":"https:\/\/www.bisly.com\/wp-content\/uploads\/2025\/09\/Cantact-Success-Managers-scaled.jpg","contentUrl":"https:\/\/www.bisly.com\/wp-content\/uploads\/2025\/09\/Cantact-Success-Managers-scaled.jpg","width":2560,"height":1708,"caption":"Contact success managers"},{"@type":"BreadcrumbList","@id":"https:\/\/www.bisly.com\/pl\/skontaktuj-sie-z-obsluga-klienta#breadcrumb","itemListElement":[{"@type":"ListItem","position":1,"name":"Home","item":"https:\/\/www.bisly.com\/pl"},{"@type":"ListItem","position":2,"name":"Skontaktuj si\u0119 z obs\u0142ug\u0105 klienta"}]},{"@type":"WebSite","@id":"https:\/\/www.bisly.com\/pl#website","url":"https:\/\/www.bisly.com\/pl","name":"Bisly","description":"","publisher":{"@id":"https:\/\/www.bisly.com\/pl#organization"},"potentialAction":[{"@type":"SearchAction","target":{"@type":"EntryPoint","urlTemplate":"https:\/\/www.bisly.com\/pl?s={search_term_string}"},"query-input":{"@type":"PropertyValueSpecification","valueRequired":true,"valueName":"search_term_string"}}],"inLanguage":"pl-PL"},{"@type":"Organization","@id":"https:\/\/www.bisly.com\/pl#organization","name":"Bisly","url":"https:\/\/www.bisly.com\/pl","logo":{"@type":"ImageObject","inLanguage":"pl-PL","@id":"https:\/\/www.bisly.com\/pl#\/schema\/logo\/image\/","url":"https:\/\/www.bisly.com\/wp-content\/uploads\/2024\/09\/bisly-logo.svg","contentUrl":"https:\/\/www.bisly.com\/wp-content\/uploads\/2024\/09\/bisly-logo.svg","width":120,"height":41,"caption":"Bisly"},"image":{"@id":"https:\/\/www.bisly.com\/pl#\/schema\/logo\/image\/"},"sameAs":["https:\/\/www.facebook.com\/bisly.tech\/","https:\/\/ee.linkedin.com\/company\/bislytech"]}]}},"_links":{"self":[{"href":"https:\/\/www.bisly.com\/pl\/wp-json\/wp\/v2\/pages\/8895","targetHints":{"allow":["GET"]}}],"collection":[{"href":"https:\/\/www.bisly.com\/pl\/wp-json\/wp\/v2\/pages"}],"about":[{"href":"https:\/\/www.bisly.com\/pl\/wp-json\/wp\/v2\/types\/page"}],"author":[{"embeddable":true,"href":"https:\/\/www.bisly.com\/pl\/wp-json\/wp\/v2\/users\/1"}],"replies":[{"embeddable":true,"href":"https:\/\/www.bisly.com\/pl\/wp-json\/wp\/v2\/comments?post=8895"}],"version-history":[{"count":7,"href":"https:\/\/www.bisly.com\/pl\/wp-json\/wp\/v2\/pages\/8895\/revisions"}],"predecessor-version":[{"id":9853,"href":"https:\/\/www.bisly.com\/pl\/wp-json\/wp\/v2\/pages\/8895\/revisions\/9853"}],"wp:featuredmedia":[{"embeddable":true,"href":"https:\/\/www.bisly.com\/pl\/wp-json\/wp\/v2\/media\/9107"}],"wp:attachment":[{"href":"https:\/\/www.bisly.com\/pl\/wp-json\/wp\/v2\/media?parent=8895"}],"curies":[{"name":"wp","href":"https:\/\/api.w.org\/{rel}","templated":true}]}}