{"id":8937,"date":"2024-08-21T10:46:29","date_gmt":"2024-08-21T09:46:29","guid":{"rendered":"https:\/\/www.bisly.com\/inteligentne-rozwiazania"},"modified":"2025-11-17T14:15:12","modified_gmt":"2025-11-17T13:15:12","slug":"inteligentne-rozwiazaniabudynkowe","status":"publish","type":"page","link":"https:\/\/www.bisly.com\/pl\/inteligentne-rozwiazaniabudynkowe","title":{"rendered":"Innowacyjne rozwi\u0105zania"},"content":{"rendered":"","protected":false},"excerpt":{"rendered":"","protected":false},"author":13,"featured_media":8944,"parent":0,"menu_order":1,"comment_status":"closed","ping_status":"closed","template":"","meta":{"_acf_changed":false,"footnotes":""},"class_list":["post-8937","page","type-page","status-publish","has-post-thumbnail","hentry"],"acf":[],"yoast_head":"<!-- This site is optimized with the Yoast SEO Premium plugin v23.5 (Yoast SEO v27.3) - https:\/\/yoast.com\/product\/yoast-seo-premium-wordpress\/ -->\n<title>Inteligentne rozwi\u0105zania budynkowe<\/title>\n<meta name=\"description\" content=\"Innowacyjne rozwi\u0105zania inteligentnego budynku, zapewniaj\u0105ce doskona\u0142\u0105 efektywno\u015b\u0107 energetyczn\u0105 i kompleksowe sterowanie automatyk\u0105 budynkow\u0105.\" \/>\n<meta name=\"robots\" content=\"index, follow, max-snippet:-1, max-image-preview:large, max-video-preview:-1\" \/>\n<link rel=\"canonical\" href=\"https:\/\/www.bisly.com\/pl\/inteligentne-rozwiazaniabudynkowe\" \/>\n<meta property=\"og:locale\" content=\"pl_PL\" \/>\n<meta property=\"og:type\" content=\"article\" \/>\n<meta property=\"og:title\" content=\"Innowacyjne rozwi\u0105zania\" \/>\n<meta property=\"og:description\" content=\"Innowacyjne rozwi\u0105zania inteligentnego budynku, zapewniaj\u0105ce doskona\u0142\u0105 efektywno\u015b\u0107 energetyczn\u0105 i kompleksowe sterowanie automatyk\u0105 budynkow\u0105.\" \/>\n<meta property=\"og:url\" content=\"https:\/\/www.bisly.com\/pl\/inteligentne-rozwiazaniabudynkowe\" \/>\n<meta property=\"og:site_name\" content=\"Bisly\" \/>\n<meta property=\"article:publisher\" content=\"https:\/\/www.facebook.com\/bisly.tech\/\" \/>\n<meta property=\"article:modified_time\" content=\"2025-11-17T13:15:12+00:00\" \/>\n<meta property=\"og:image\" content=\"https:\/\/www.bisly.com\/wp-content\/uploads\/2024\/09\/Frame-41015-2-1.png\" \/>\n\t<meta property=\"og:image:width\" content=\"1200\" \/>\n\t<meta property=\"og:image:height\" content=\"1164\" \/>\n\t<meta property=\"og:image:type\" content=\"image\/png\" \/>\n<meta name=\"twitter:card\" content=\"summary_large_image\" \/>\n<meta name=\"twitter:label1\" content=\"Szacowany czas czytania\" \/>\n\t<meta name=\"twitter:data1\" content=\"1 minuta\" \/>\n<script type=\"application\/ld+json\" class=\"yoast-schema-graph\">{\"@context\":\"https:\\\/\\\/schema.org\",\"@graph\":[{\"@type\":\"WebPage\",\"@id\":\"https:\\\/\\\/www.bisly.com\\\/pl\\\/inteligentne-rozwiazaniabudynkowe\",\"url\":\"https:\\\/\\\/www.bisly.com\\\/pl\\\/inteligentne-rozwiazaniabudynkowe\",\"name\":\"Inteligentne rozwi\u0105zania budynkowe\",\"isPartOf\":{\"@id\":\"https:\\\/\\\/www.bisly.com\\\/pl#website\"},\"primaryImageOfPage\":{\"@id\":\"https:\\\/\\\/www.bisly.com\\\/pl\\\/inteligentne-rozwiazaniabudynkowe#primaryimage\"},\"image\":{\"@id\":\"https:\\\/\\\/www.bisly.com\\\/pl\\\/inteligentne-rozwiazaniabudynkowe#primaryimage\"},\"thumbnailUrl\":\"https:\\\/\\\/www.bisly.com\\\/wp-content\\\/uploads\\\/2024\\\/09\\\/Frame-41015-2-1.png\",\"datePublished\":\"2024-08-21T09:46:29+00:00\",\"dateModified\":\"2025-11-17T13:15:12+00:00\",\"description\":\"Innowacyjne rozwi\u0105zania inteligentnego budynku, zapewniaj\u0105ce doskona\u0142\u0105 efektywno\u015b\u0107 energetyczn\u0105 i kompleksowe sterowanie automatyk\u0105 budynkow\u0105.\",\"breadcrumb\":{\"@id\":\"https:\\\/\\\/www.bisly.com\\\/pl\\\/inteligentne-rozwiazaniabudynkowe#breadcrumb\"},\"inLanguage\":\"pl-PL\",\"potentialAction\":[{\"@type\":\"ReadAction\",\"target\":[\"https:\\\/\\\/www.bisly.com\\\/pl\\\/inteligentne-rozwiazaniabudynkowe\"]}]},{\"@type\":\"ImageObject\",\"inLanguage\":\"pl-PL\",\"@id\":\"https:\\\/\\\/www.bisly.com\\\/pl\\\/inteligentne-rozwiazaniabudynkowe#primaryimage\",\"url\":\"https:\\\/\\\/www.bisly.com\\\/wp-content\\\/uploads\\\/2024\\\/09\\\/Frame-41015-2-1.png\",\"contentUrl\":\"https:\\\/\\\/www.bisly.com\\\/wp-content\\\/uploads\\\/2024\\\/09\\\/Frame-41015-2-1.png\",\"width\":1200,\"height\":1164,\"caption\":\"smart building system\"},{\"@type\":\"BreadcrumbList\",\"@id\":\"https:\\\/\\\/www.bisly.com\\\/pl\\\/inteligentne-rozwiazaniabudynkowe#breadcrumb\",\"itemListElement\":[{\"@type\":\"ListItem\",\"position\":1,\"name\":\"Home\",\"item\":\"https:\\\/\\\/www.bisly.com\\\/pl\"},{\"@type\":\"ListItem\",\"position\":2,\"name\":\"Innowacyjne rozwi\u0105zania\"}]},{\"@type\":\"WebSite\",\"@id\":\"https:\\\/\\\/www.bisly.com\\\/pl#website\",\"url\":\"https:\\\/\\\/www.bisly.com\\\/pl\",\"name\":\"Bisly\",\"description\":\"\",\"publisher\":{\"@id\":\"https:\\\/\\\/www.bisly.com\\\/pl#organization\"},\"potentialAction\":[{\"@type\":\"SearchAction\",\"target\":{\"@type\":\"EntryPoint\",\"urlTemplate\":\"https:\\\/\\\/www.bisly.com\\\/pl?s={search_term_string}\"},\"query-input\":{\"@type\":\"PropertyValueSpecification\",\"valueRequired\":true,\"valueName\":\"search_term_string\"}}],\"inLanguage\":\"pl-PL\"},{\"@type\":\"Organization\",\"@id\":\"https:\\\/\\\/www.bisly.com\\\/pl#organization\",\"name\":\"Bisly\",\"url\":\"https:\\\/\\\/www.bisly.com\\\/pl\",\"logo\":{\"@type\":\"ImageObject\",\"inLanguage\":\"pl-PL\",\"@id\":\"https:\\\/\\\/www.bisly.com\\\/pl#\\\/schema\\\/logo\\\/image\\\/\",\"url\":\"https:\\\/\\\/www.bisly.com\\\/wp-content\\\/uploads\\\/2024\\\/09\\\/bisly-logo.svg\",\"contentUrl\":\"https:\\\/\\\/www.bisly.com\\\/wp-content\\\/uploads\\\/2024\\\/09\\\/bisly-logo.svg\",\"width\":120,\"height\":41,\"caption\":\"Bisly\"},\"image\":{\"@id\":\"https:\\\/\\\/www.bisly.com\\\/pl#\\\/schema\\\/logo\\\/image\\\/\"},\"sameAs\":[\"https:\\\/\\\/www.facebook.com\\\/bisly.tech\\\/\",\"https:\\\/\\\/ee.linkedin.com\\\/company\\\/bislytech\"]}]}<\/script>\n<!-- \/ Yoast SEO Premium plugin. -->","yoast_head_json":{"title":"Inteligentne rozwi\u0105zania budynkowe","description":"Innowacyjne rozwi\u0105zania inteligentnego budynku, zapewniaj\u0105ce doskona\u0142\u0105 efektywno\u015b\u0107 energetyczn\u0105 i kompleksowe sterowanie automatyk\u0105 budynkow\u0105.","robots":{"index":"index","follow":"follow","max-snippet":"max-snippet:-1","max-image-preview":"max-image-preview:large","max-video-preview":"max-video-preview:-1"},"canonical":"https:\/\/www.bisly.com\/pl\/inteligentne-rozwiazaniabudynkowe","og_locale":"pl_PL","og_type":"article","og_title":"Innowacyjne rozwi\u0105zania","og_description":"Innowacyjne rozwi\u0105zania inteligentnego budynku, zapewniaj\u0105ce doskona\u0142\u0105 efektywno\u015b\u0107 energetyczn\u0105 i kompleksowe sterowanie automatyk\u0105 budynkow\u0105.","og_url":"https:\/\/www.bisly.com\/pl\/inteligentne-rozwiazaniabudynkowe","og_site_name":"Bisly","article_publisher":"https:\/\/www.facebook.com\/bisly.tech\/","article_modified_time":"2025-11-17T13:15:12+00:00","og_image":[{"width":1200,"height":1164,"url":"https:\/\/www.bisly.com\/wp-content\/uploads\/2024\/09\/Frame-41015-2-1.png","type":"image\/png"}],"twitter_card":"summary_large_image","twitter_misc":{"Szacowany czas czytania":"1 minuta"},"schema":{"@context":"https:\/\/schema.org","@graph":[{"@type":"WebPage","@id":"https:\/\/www.bisly.com\/pl\/inteligentne-rozwiazaniabudynkowe","url":"https:\/\/www.bisly.com\/pl\/inteligentne-rozwiazaniabudynkowe","name":"Inteligentne rozwi\u0105zania budynkowe","isPartOf":{"@id":"https:\/\/www.bisly.com\/pl#website"},"primaryImageOfPage":{"@id":"https:\/\/www.bisly.com\/pl\/inteligentne-rozwiazaniabudynkowe#primaryimage"},"image":{"@id":"https:\/\/www.bisly.com\/pl\/inteligentne-rozwiazaniabudynkowe#primaryimage"},"thumbnailUrl":"https:\/\/www.bisly.com\/wp-content\/uploads\/2024\/09\/Frame-41015-2-1.png","datePublished":"2024-08-21T09:46:29+00:00","dateModified":"2025-11-17T13:15:12+00:00","description":"Innowacyjne rozwi\u0105zania inteligentnego budynku, zapewniaj\u0105ce doskona\u0142\u0105 efektywno\u015b\u0107 energetyczn\u0105 i kompleksowe sterowanie automatyk\u0105 budynkow\u0105.","breadcrumb":{"@id":"https:\/\/www.bisly.com\/pl\/inteligentne-rozwiazaniabudynkowe#breadcrumb"},"inLanguage":"pl-PL","potentialAction":[{"@type":"ReadAction","target":["https:\/\/www.bisly.com\/pl\/inteligentne-rozwiazaniabudynkowe"]}]},{"@type":"ImageObject","inLanguage":"pl-PL","@id":"https:\/\/www.bisly.com\/pl\/inteligentne-rozwiazaniabudynkowe#primaryimage","url":"https:\/\/www.bisly.com\/wp-content\/uploads\/2024\/09\/Frame-41015-2-1.png","contentUrl":"https:\/\/www.bisly.com\/wp-content\/uploads\/2024\/09\/Frame-41015-2-1.png","width":1200,"height":1164,"caption":"smart building system"},{"@type":"BreadcrumbList","@id":"https:\/\/www.bisly.com\/pl\/inteligentne-rozwiazaniabudynkowe#breadcrumb","itemListElement":[{"@type":"ListItem","position":1,"name":"Home","item":"https:\/\/www.bisly.com\/pl"},{"@type":"ListItem","position":2,"name":"Innowacyjne rozwi\u0105zania"}]},{"@type":"WebSite","@id":"https:\/\/www.bisly.com\/pl#website","url":"https:\/\/www.bisly.com\/pl","name":"Bisly","description":"","publisher":{"@id":"https:\/\/www.bisly.com\/pl#organization"},"potentialAction":[{"@type":"SearchAction","target":{"@type":"EntryPoint","urlTemplate":"https:\/\/www.bisly.com\/pl?s={search_term_string}"},"query-input":{"@type":"PropertyValueSpecification","valueRequired":true,"valueName":"search_term_string"}}],"inLanguage":"pl-PL"},{"@type":"Organization","@id":"https:\/\/www.bisly.com\/pl#organization","name":"Bisly","url":"https:\/\/www.bisly.com\/pl","logo":{"@type":"ImageObject","inLanguage":"pl-PL","@id":"https:\/\/www.bisly.com\/pl#\/schema\/logo\/image\/","url":"https:\/\/www.bisly.com\/wp-content\/uploads\/2024\/09\/bisly-logo.svg","contentUrl":"https:\/\/www.bisly.com\/wp-content\/uploads\/2024\/09\/bisly-logo.svg","width":120,"height":41,"caption":"Bisly"},"image":{"@id":"https:\/\/www.bisly.com\/pl#\/schema\/logo\/image\/"},"sameAs":["https:\/\/www.facebook.com\/bisly.tech\/","https:\/\/ee.linkedin.com\/company\/bislytech"]}]}},"_links":{"self":[{"href":"https:\/\/www.bisly.com\/pl\/wp-json\/wp\/v2\/pages\/8937","targetHints":{"allow":["GET"]}}],"collection":[{"href":"https:\/\/www.bisly.com\/pl\/wp-json\/wp\/v2\/pages"}],"about":[{"href":"https:\/\/www.bisly.com\/pl\/wp-json\/wp\/v2\/types\/page"}],"author":[{"embeddable":true,"href":"https:\/\/www.bisly.com\/pl\/wp-json\/wp\/v2\/users\/13"}],"replies":[{"embeddable":true,"href":"https:\/\/www.bisly.com\/pl\/wp-json\/wp\/v2\/comments?post=8937"}],"version-history":[{"count":5,"href":"https:\/\/www.bisly.com\/pl\/wp-json\/wp\/v2\/pages\/8937\/revisions"}],"predecessor-version":[{"id":9768,"href":"https:\/\/www.bisly.com\/pl\/wp-json\/wp\/v2\/pages\/8937\/revisions\/9768"}],"wp:featuredmedia":[{"embeddable":true,"href":"https:\/\/www.bisly.com\/pl\/wp-json\/wp\/v2\/media\/8944"}],"wp:attachment":[{"href":"https:\/\/www.bisly.com\/pl\/wp-json\/wp\/v2\/media?parent=8937"}],"curies":[{"name":"wp","href":"https:\/\/api.w.org\/{rel}","templated":true}]}}