{"id":9052,"date":"2024-09-04T18:33:54","date_gmt":"2024-09-04T17:33:54","guid":{"rendered":"https:\/\/www.bisly.com\/popros-o-demo"},"modified":"2025-11-10T14:05:46","modified_gmt":"2025-11-10T13:05:46","slug":"umow-sie-na-spotkanie","status":"publish","type":"page","link":"https:\/\/www.bisly.com\/pl\/umow-sie-na-spotkanie","title":{"rendered":"Um\u00f3w si\u0119 na spotkanie"},"content":{"rendered":"","protected":false},"excerpt":{"rendered":"","protected":false},"author":5,"featured_media":9107,"parent":0,"menu_order":1,"comment_status":"closed","ping_status":"closed","template":"","meta":{"_acf_changed":false,"footnotes":""},"class_list":["post-9052","page","type-page","status-publish","has-post-thumbnail","hentry"],"acf":[],"yoast_head":"<!-- This site is optimized with the Yoast SEO Premium plugin v23.5 (Yoast SEO v27.3) - https:\/\/yoast.com\/product\/yoast-seo-premium-wordpress\/ -->\n<title>Um\u00f3w si\u0119 na spotkanie - Bisly<\/title>\n<meta name=\"description\" content=\"Poznaj Bisly w dzia\u0142aniu i przekonaj si\u0119, jak wiele mo\u017cesz zyska\u0107. Um\u00f3w si\u0119 na spotkanie, aby zobaczy\u0107, jak nasza technologia inteligentnych budynk\u00f3w wspiera Tw\u00f3j projekt.\" \/>\n<meta name=\"robots\" content=\"index, follow, max-snippet:-1, max-image-preview:large, max-video-preview:-1\" \/>\n<link rel=\"canonical\" href=\"https:\/\/www.bisly.com\/pl\/umow-sie-na-spotkanie\" \/>\n<meta property=\"og:locale\" content=\"pl_PL\" \/>\n<meta property=\"og:type\" content=\"article\" \/>\n<meta property=\"og:title\" content=\"Um\u00f3w si\u0119 na spotkanie\" \/>\n<meta property=\"og:description\" content=\"Poznaj Bisly w dzia\u0142aniu i przekonaj si\u0119, jak wiele mo\u017cesz zyska\u0107. Um\u00f3w si\u0119 na spotkanie, aby zobaczy\u0107, jak nasza technologia inteligentnych budynk\u00f3w wspiera Tw\u00f3j projekt.\" \/>\n<meta property=\"og:url\" content=\"https:\/\/www.bisly.com\/pl\/umow-sie-na-spotkanie\" \/>\n<meta property=\"og:site_name\" content=\"Bisly\" \/>\n<meta property=\"article:publisher\" content=\"https:\/\/www.facebook.com\/bisly.tech\/\" \/>\n<meta property=\"article:modified_time\" content=\"2025-11-10T13:05:46+00:00\" \/>\n<meta property=\"og:image\" content=\"https:\/\/www.bisly.com\/wp-content\/uploads\/2025\/09\/Cantact-Success-Managers-scaled.jpg\" \/>\n\t<meta property=\"og:image:width\" content=\"2560\" \/>\n\t<meta property=\"og:image:height\" content=\"1708\" \/>\n\t<meta property=\"og:image:type\" content=\"image\/jpeg\" \/>\n<meta name=\"twitter:card\" content=\"summary_large_image\" \/>\n<meta name=\"twitter:label1\" content=\"Szacowany czas czytania\" \/>\n\t<meta name=\"twitter:data1\" content=\"1 minuta\" \/>\n<script type=\"application\/ld+json\" class=\"yoast-schema-graph\">{\"@context\":\"https:\\\/\\\/schema.org\",\"@graph\":[{\"@type\":\"WebPage\",\"@id\":\"https:\\\/\\\/www.bisly.com\\\/pl\\\/umow-sie-na-spotkanie\",\"url\":\"https:\\\/\\\/www.bisly.com\\\/pl\\\/umow-sie-na-spotkanie\",\"name\":\"Um\u00f3w si\u0119 na spotkanie - Bisly\",\"isPartOf\":{\"@id\":\"https:\\\/\\\/www.bisly.com\\\/pl#website\"},\"primaryImageOfPage\":{\"@id\":\"https:\\\/\\\/www.bisly.com\\\/pl\\\/umow-sie-na-spotkanie#primaryimage\"},\"image\":{\"@id\":\"https:\\\/\\\/www.bisly.com\\\/pl\\\/umow-sie-na-spotkanie#primaryimage\"},\"thumbnailUrl\":\"https:\\\/\\\/www.bisly.com\\\/wp-content\\\/uploads\\\/2025\\\/09\\\/Cantact-Success-Managers-scaled.jpg\",\"datePublished\":\"2024-09-04T17:33:54+00:00\",\"dateModified\":\"2025-11-10T13:05:46+00:00\",\"description\":\"Poznaj Bisly w dzia\u0142aniu i przekonaj si\u0119, jak wiele mo\u017cesz zyska\u0107. Um\u00f3w si\u0119 na spotkanie, aby zobaczy\u0107, jak nasza technologia inteligentnych budynk\u00f3w wspiera Tw\u00f3j projekt.\",\"breadcrumb\":{\"@id\":\"https:\\\/\\\/www.bisly.com\\\/pl\\\/umow-sie-na-spotkanie#breadcrumb\"},\"inLanguage\":\"pl-PL\",\"potentialAction\":[{\"@type\":\"ReadAction\",\"target\":[\"https:\\\/\\\/www.bisly.com\\\/pl\\\/umow-sie-na-spotkanie\"]}]},{\"@type\":\"ImageObject\",\"inLanguage\":\"pl-PL\",\"@id\":\"https:\\\/\\\/www.bisly.com\\\/pl\\\/umow-sie-na-spotkanie#primaryimage\",\"url\":\"https:\\\/\\\/www.bisly.com\\\/wp-content\\\/uploads\\\/2025\\\/09\\\/Cantact-Success-Managers-scaled.jpg\",\"contentUrl\":\"https:\\\/\\\/www.bisly.com\\\/wp-content\\\/uploads\\\/2025\\\/09\\\/Cantact-Success-Managers-scaled.jpg\",\"width\":2560,\"height\":1708,\"caption\":\"Contact success managers\"},{\"@type\":\"BreadcrumbList\",\"@id\":\"https:\\\/\\\/www.bisly.com\\\/pl\\\/umow-sie-na-spotkanie#breadcrumb\",\"itemListElement\":[{\"@type\":\"ListItem\",\"position\":1,\"name\":\"Home\",\"item\":\"https:\\\/\\\/www.bisly.com\\\/pl\"},{\"@type\":\"ListItem\",\"position\":2,\"name\":\"Um\u00f3w si\u0119 na spotkanie\"}]},{\"@type\":\"WebSite\",\"@id\":\"https:\\\/\\\/www.bisly.com\\\/pl#website\",\"url\":\"https:\\\/\\\/www.bisly.com\\\/pl\",\"name\":\"Bisly\",\"description\":\"\",\"publisher\":{\"@id\":\"https:\\\/\\\/www.bisly.com\\\/pl#organization\"},\"potentialAction\":[{\"@type\":\"SearchAction\",\"target\":{\"@type\":\"EntryPoint\",\"urlTemplate\":\"https:\\\/\\\/www.bisly.com\\\/pl?s={search_term_string}\"},\"query-input\":{\"@type\":\"PropertyValueSpecification\",\"valueRequired\":true,\"valueName\":\"search_term_string\"}}],\"inLanguage\":\"pl-PL\"},{\"@type\":\"Organization\",\"@id\":\"https:\\\/\\\/www.bisly.com\\\/pl#organization\",\"name\":\"Bisly\",\"url\":\"https:\\\/\\\/www.bisly.com\\\/pl\",\"logo\":{\"@type\":\"ImageObject\",\"inLanguage\":\"pl-PL\",\"@id\":\"https:\\\/\\\/www.bisly.com\\\/pl#\\\/schema\\\/logo\\\/image\\\/\",\"url\":\"https:\\\/\\\/www.bisly.com\\\/wp-content\\\/uploads\\\/2024\\\/09\\\/bisly-logo.svg\",\"contentUrl\":\"https:\\\/\\\/www.bisly.com\\\/wp-content\\\/uploads\\\/2024\\\/09\\\/bisly-logo.svg\",\"width\":120,\"height\":41,\"caption\":\"Bisly\"},\"image\":{\"@id\":\"https:\\\/\\\/www.bisly.com\\\/pl#\\\/schema\\\/logo\\\/image\\\/\"},\"sameAs\":[\"https:\\\/\\\/www.facebook.com\\\/bisly.tech\\\/\",\"https:\\\/\\\/ee.linkedin.com\\\/company\\\/bislytech\"]}]}<\/script>\n<!-- \/ Yoast SEO Premium plugin. -->","yoast_head_json":{"title":"Um\u00f3w si\u0119 na spotkanie - Bisly","description":"Poznaj Bisly w dzia\u0142aniu i przekonaj si\u0119, jak wiele mo\u017cesz zyska\u0107. Um\u00f3w si\u0119 na spotkanie, aby zobaczy\u0107, jak nasza technologia inteligentnych budynk\u00f3w wspiera Tw\u00f3j projekt.","robots":{"index":"index","follow":"follow","max-snippet":"max-snippet:-1","max-image-preview":"max-image-preview:large","max-video-preview":"max-video-preview:-1"},"canonical":"https:\/\/www.bisly.com\/pl\/umow-sie-na-spotkanie","og_locale":"pl_PL","og_type":"article","og_title":"Um\u00f3w si\u0119 na spotkanie","og_description":"Poznaj Bisly w dzia\u0142aniu i przekonaj si\u0119, jak wiele mo\u017cesz zyska\u0107. Um\u00f3w si\u0119 na spotkanie, aby zobaczy\u0107, jak nasza technologia inteligentnych budynk\u00f3w wspiera Tw\u00f3j projekt.","og_url":"https:\/\/www.bisly.com\/pl\/umow-sie-na-spotkanie","og_site_name":"Bisly","article_publisher":"https:\/\/www.facebook.com\/bisly.tech\/","article_modified_time":"2025-11-10T13:05:46+00:00","og_image":[{"width":2560,"height":1708,"url":"https:\/\/www.bisly.com\/wp-content\/uploads\/2025\/09\/Cantact-Success-Managers-scaled.jpg","type":"image\/jpeg"}],"twitter_card":"summary_large_image","twitter_misc":{"Szacowany czas czytania":"1 minuta"},"schema":{"@context":"https:\/\/schema.org","@graph":[{"@type":"WebPage","@id":"https:\/\/www.bisly.com\/pl\/umow-sie-na-spotkanie","url":"https:\/\/www.bisly.com\/pl\/umow-sie-na-spotkanie","name":"Um\u00f3w si\u0119 na spotkanie - Bisly","isPartOf":{"@id":"https:\/\/www.bisly.com\/pl#website"},"primaryImageOfPage":{"@id":"https:\/\/www.bisly.com\/pl\/umow-sie-na-spotkanie#primaryimage"},"image":{"@id":"https:\/\/www.bisly.com\/pl\/umow-sie-na-spotkanie#primaryimage"},"thumbnailUrl":"https:\/\/www.bisly.com\/wp-content\/uploads\/2025\/09\/Cantact-Success-Managers-scaled.jpg","datePublished":"2024-09-04T17:33:54+00:00","dateModified":"2025-11-10T13:05:46+00:00","description":"Poznaj Bisly w dzia\u0142aniu i przekonaj si\u0119, jak wiele mo\u017cesz zyska\u0107. Um\u00f3w si\u0119 na spotkanie, aby zobaczy\u0107, jak nasza technologia inteligentnych budynk\u00f3w wspiera Tw\u00f3j projekt.","breadcrumb":{"@id":"https:\/\/www.bisly.com\/pl\/umow-sie-na-spotkanie#breadcrumb"},"inLanguage":"pl-PL","potentialAction":[{"@type":"ReadAction","target":["https:\/\/www.bisly.com\/pl\/umow-sie-na-spotkanie"]}]},{"@type":"ImageObject","inLanguage":"pl-PL","@id":"https:\/\/www.bisly.com\/pl\/umow-sie-na-spotkanie#primaryimage","url":"https:\/\/www.bisly.com\/wp-content\/uploads\/2025\/09\/Cantact-Success-Managers-scaled.jpg","contentUrl":"https:\/\/www.bisly.com\/wp-content\/uploads\/2025\/09\/Cantact-Success-Managers-scaled.jpg","width":2560,"height":1708,"caption":"Contact success managers"},{"@type":"BreadcrumbList","@id":"https:\/\/www.bisly.com\/pl\/umow-sie-na-spotkanie#breadcrumb","itemListElement":[{"@type":"ListItem","position":1,"name":"Home","item":"https:\/\/www.bisly.com\/pl"},{"@type":"ListItem","position":2,"name":"Um\u00f3w si\u0119 na spotkanie"}]},{"@type":"WebSite","@id":"https:\/\/www.bisly.com\/pl#website","url":"https:\/\/www.bisly.com\/pl","name":"Bisly","description":"","publisher":{"@id":"https:\/\/www.bisly.com\/pl#organization"},"potentialAction":[{"@type":"SearchAction","target":{"@type":"EntryPoint","urlTemplate":"https:\/\/www.bisly.com\/pl?s={search_term_string}"},"query-input":{"@type":"PropertyValueSpecification","valueRequired":true,"valueName":"search_term_string"}}],"inLanguage":"pl-PL"},{"@type":"Organization","@id":"https:\/\/www.bisly.com\/pl#organization","name":"Bisly","url":"https:\/\/www.bisly.com\/pl","logo":{"@type":"ImageObject","inLanguage":"pl-PL","@id":"https:\/\/www.bisly.com\/pl#\/schema\/logo\/image\/","url":"https:\/\/www.bisly.com\/wp-content\/uploads\/2024\/09\/bisly-logo.svg","contentUrl":"https:\/\/www.bisly.com\/wp-content\/uploads\/2024\/09\/bisly-logo.svg","width":120,"height":41,"caption":"Bisly"},"image":{"@id":"https:\/\/www.bisly.com\/pl#\/schema\/logo\/image\/"},"sameAs":["https:\/\/www.facebook.com\/bisly.tech\/","https:\/\/ee.linkedin.com\/company\/bislytech"]}]}},"_links":{"self":[{"href":"https:\/\/www.bisly.com\/pl\/wp-json\/wp\/v2\/pages\/9052","targetHints":{"allow":["GET"]}}],"collection":[{"href":"https:\/\/www.bisly.com\/pl\/wp-json\/wp\/v2\/pages"}],"about":[{"href":"https:\/\/www.bisly.com\/pl\/wp-json\/wp\/v2\/types\/page"}],"author":[{"embeddable":true,"href":"https:\/\/www.bisly.com\/pl\/wp-json\/wp\/v2\/users\/5"}],"replies":[{"embeddable":true,"href":"https:\/\/www.bisly.com\/pl\/wp-json\/wp\/v2\/comments?post=9052"}],"version-history":[{"count":4,"href":"https:\/\/www.bisly.com\/pl\/wp-json\/wp\/v2\/pages\/9052\/revisions"}],"predecessor-version":[{"id":9641,"href":"https:\/\/www.bisly.com\/pl\/wp-json\/wp\/v2\/pages\/9052\/revisions\/9641"}],"wp:featuredmedia":[{"embeddable":true,"href":"https:\/\/www.bisly.com\/pl\/wp-json\/wp\/v2\/media\/9107"}],"wp:attachment":[{"href":"https:\/\/www.bisly.com\/pl\/wp-json\/wp\/v2\/media?parent=9052"}],"curies":[{"name":"wp","href":"https:\/\/api.w.org\/{rel}","templated":true}]}}