{"id":9109,"date":"2024-12-03T20:37:46","date_gmt":"2024-12-03T19:37:46","guid":{"rendered":"https:\/\/www.bisly.com\/inteligentne-rozwiazania\/rozwiazania-oswietleniowe-bisly"},"modified":"2025-11-17T14:08:47","modified_gmt":"2025-11-17T13:08:47","slug":"rozwiazania-oswietleniowe-bisly","status":"publish","type":"page","link":"https:\/\/www.bisly.com\/pl\/inteligentne-rozwiazaniabudynkowe\/rozwiazania-oswietleniowe-bisly","title":{"rendered":"Rozwi\u0105zania o\u015bwietleniowe Bisly"},"content":{"rendered":"","protected":false},"excerpt":{"rendered":"","protected":false},"author":1,"featured_media":9122,"parent":8937,"menu_order":4,"comment_status":"closed","ping_status":"closed","template":"","meta":{"_acf_changed":false,"footnotes":""},"class_list":["post-9109","page","type-page","status-publish","has-post-thumbnail","hentry"],"acf":[],"yoast_head":"<!-- This site is optimized with the Yoast SEO Premium plugin v23.5 (Yoast SEO v27.3) - https:\/\/yoast.com\/product\/yoast-seo-premium-wordpress\/ -->\n<title>Rozwi\u0105zania o\u015bwietleniowe Bisly - Bisly<\/title>\n<meta name=\"description\" content=\"Najnowocze\u015bniejsze systemy o\u015bwietleniowe ze specjalnym sterowaniem i pe\u0142n\u0105 automatyk\u0105. Idealny do ka\u017cdego lokalu komercyjnego lub mieszkalnego\" \/>\n<meta name=\"robots\" content=\"noindex, nofollow\" \/>\n<meta property=\"og:locale\" content=\"pl_PL\" \/>\n<meta property=\"og:type\" content=\"article\" \/>\n<meta property=\"og:title\" content=\"Rozwi\u0105zania o\u015bwietleniowe Bisly\" \/>\n<meta property=\"og:description\" content=\"Najnowocze\u015bniejsze systemy o\u015bwietleniowe ze specjalnym sterowaniem i pe\u0142n\u0105 automatyk\u0105. Idealny do ka\u017cdego lokalu komercyjnego lub mieszkalnego\" \/>\n<meta property=\"og:url\" content=\"https:\/\/www.bisly.com\/pl\/inteligentne-rozwiazaniabudynkowe\/rozwiazania-oswietleniowe-bisly\" \/>\n<meta property=\"og:site_name\" content=\"Bisly\" \/>\n<meta property=\"article:publisher\" content=\"https:\/\/www.facebook.com\/bisly.tech\/\" \/>\n<meta property=\"article:modified_time\" content=\"2025-11-17T13:08:47+00:00\" \/>\n<meta property=\"og:image\" content=\"https:\/\/www.bisly.com\/wp-content\/uploads\/2024\/09\/sensors@2x.png\" \/>\n\t<meta property=\"og:image:width\" content=\"1200\" \/>\n\t<meta property=\"og:image:height\" content=\"984\" \/>\n\t<meta property=\"og:image:type\" content=\"image\/png\" \/>\n<meta name=\"twitter:card\" content=\"summary_large_image\" \/>\n<meta name=\"twitter:label1\" content=\"Szacowany czas czytania\" \/>\n\t<meta name=\"twitter:data1\" content=\"1 minuta\" \/>\n<script type=\"application\/ld+json\" class=\"yoast-schema-graph\">{\"@context\":\"https:\\\/\\\/schema.org\",\"@graph\":[{\"@type\":\"WebPage\",\"@id\":\"https:\\\/\\\/www.bisly.com\\\/pl\\\/inteligentne-rozwiazaniabudynkowe\\\/rozwiazania-oswietleniowe-bisly\",\"url\":\"https:\\\/\\\/www.bisly.com\\\/pl\\\/inteligentne-rozwiazaniabudynkowe\\\/rozwiazania-oswietleniowe-bisly\",\"name\":\"Rozwi\u0105zania o\u015bwietleniowe Bisly - Bisly\",\"isPartOf\":{\"@id\":\"https:\\\/\\\/www.bisly.com\\\/pl#website\"},\"primaryImageOfPage\":{\"@id\":\"https:\\\/\\\/www.bisly.com\\\/pl\\\/inteligentne-rozwiazaniabudynkowe\\\/rozwiazania-oswietleniowe-bisly#primaryimage\"},\"image\":{\"@id\":\"https:\\\/\\\/www.bisly.com\\\/pl\\\/inteligentne-rozwiazaniabudynkowe\\\/rozwiazania-oswietleniowe-bisly#primaryimage\"},\"thumbnailUrl\":\"https:\\\/\\\/www.bisly.com\\\/wp-content\\\/uploads\\\/2024\\\/09\\\/sensors@2x.png\",\"datePublished\":\"2024-12-03T19:37:46+00:00\",\"dateModified\":\"2025-11-17T13:08:47+00:00\",\"description\":\"Najnowocze\u015bniejsze systemy o\u015bwietleniowe ze specjalnym sterowaniem i pe\u0142n\u0105 automatyk\u0105. Idealny do ka\u017cdego lokalu komercyjnego lub mieszkalnego\",\"breadcrumb\":{\"@id\":\"https:\\\/\\\/www.bisly.com\\\/pl\\\/inteligentne-rozwiazaniabudynkowe\\\/rozwiazania-oswietleniowe-bisly#breadcrumb\"},\"inLanguage\":\"pl-PL\",\"potentialAction\":[{\"@type\":\"ReadAction\",\"target\":[\"https:\\\/\\\/www.bisly.com\\\/pl\\\/inteligentne-rozwiazaniabudynkowe\\\/rozwiazania-oswietleniowe-bisly\"]}]},{\"@type\":\"ImageObject\",\"inLanguage\":\"pl-PL\",\"@id\":\"https:\\\/\\\/www.bisly.com\\\/pl\\\/inteligentne-rozwiazaniabudynkowe\\\/rozwiazania-oswietleniowe-bisly#primaryimage\",\"url\":\"https:\\\/\\\/www.bisly.com\\\/wp-content\\\/uploads\\\/2024\\\/09\\\/sensors@2x.png\",\"contentUrl\":\"https:\\\/\\\/www.bisly.com\\\/wp-content\\\/uploads\\\/2024\\\/09\\\/sensors@2x.png\",\"width\":1200,\"height\":984},{\"@type\":\"BreadcrumbList\",\"@id\":\"https:\\\/\\\/www.bisly.com\\\/pl\\\/inteligentne-rozwiazaniabudynkowe\\\/rozwiazania-oswietleniowe-bisly#breadcrumb\",\"itemListElement\":[{\"@type\":\"ListItem\",\"position\":1,\"name\":\"Home\",\"item\":\"https:\\\/\\\/www.bisly.com\\\/pl\"},{\"@type\":\"ListItem\",\"position\":2,\"name\":\"Innowacyjne rozwi\u0105zania\",\"item\":\"https:\\\/\\\/www.bisly.com\\\/pl\\\/inteligentne-rozwiazaniabudynkowe\"},{\"@type\":\"ListItem\",\"position\":3,\"name\":\"Rozwi\u0105zania o\u015bwietleniowe Bisly\"}]},{\"@type\":\"WebSite\",\"@id\":\"https:\\\/\\\/www.bisly.com\\\/pl#website\",\"url\":\"https:\\\/\\\/www.bisly.com\\\/pl\",\"name\":\"Bisly\",\"description\":\"\",\"publisher\":{\"@id\":\"https:\\\/\\\/www.bisly.com\\\/pl#organization\"},\"potentialAction\":[{\"@type\":\"SearchAction\",\"target\":{\"@type\":\"EntryPoint\",\"urlTemplate\":\"https:\\\/\\\/www.bisly.com\\\/pl?s={search_term_string}\"},\"query-input\":{\"@type\":\"PropertyValueSpecification\",\"valueRequired\":true,\"valueName\":\"search_term_string\"}}],\"inLanguage\":\"pl-PL\"},{\"@type\":\"Organization\",\"@id\":\"https:\\\/\\\/www.bisly.com\\\/pl#organization\",\"name\":\"Bisly\",\"url\":\"https:\\\/\\\/www.bisly.com\\\/pl\",\"logo\":{\"@type\":\"ImageObject\",\"inLanguage\":\"pl-PL\",\"@id\":\"https:\\\/\\\/www.bisly.com\\\/pl#\\\/schema\\\/logo\\\/image\\\/\",\"url\":\"https:\\\/\\\/www.bisly.com\\\/wp-content\\\/uploads\\\/2024\\\/09\\\/bisly-logo.svg\",\"contentUrl\":\"https:\\\/\\\/www.bisly.com\\\/wp-content\\\/uploads\\\/2024\\\/09\\\/bisly-logo.svg\",\"width\":120,\"height\":41,\"caption\":\"Bisly\"},\"image\":{\"@id\":\"https:\\\/\\\/www.bisly.com\\\/pl#\\\/schema\\\/logo\\\/image\\\/\"},\"sameAs\":[\"https:\\\/\\\/www.facebook.com\\\/bisly.tech\\\/\",\"https:\\\/\\\/ee.linkedin.com\\\/company\\\/bislytech\"]}]}<\/script>\n<!-- \/ Yoast SEO Premium plugin. -->","yoast_head_json":{"title":"Rozwi\u0105zania o\u015bwietleniowe Bisly - Bisly","description":"Najnowocze\u015bniejsze systemy o\u015bwietleniowe ze specjalnym sterowaniem i pe\u0142n\u0105 automatyk\u0105. Idealny do ka\u017cdego lokalu komercyjnego lub mieszkalnego","robots":{"index":"noindex","follow":"nofollow"},"og_locale":"pl_PL","og_type":"article","og_title":"Rozwi\u0105zania o\u015bwietleniowe Bisly","og_description":"Najnowocze\u015bniejsze systemy o\u015bwietleniowe ze specjalnym sterowaniem i pe\u0142n\u0105 automatyk\u0105. Idealny do ka\u017cdego lokalu komercyjnego lub mieszkalnego","og_url":"https:\/\/www.bisly.com\/pl\/inteligentne-rozwiazaniabudynkowe\/rozwiazania-oswietleniowe-bisly","og_site_name":"Bisly","article_publisher":"https:\/\/www.facebook.com\/bisly.tech\/","article_modified_time":"2025-11-17T13:08:47+00:00","og_image":[{"width":1200,"height":984,"url":"https:\/\/www.bisly.com\/wp-content\/uploads\/2024\/09\/sensors@2x.png","type":"image\/png"}],"twitter_card":"summary_large_image","twitter_misc":{"Szacowany czas czytania":"1 minuta"},"schema":{"@context":"https:\/\/schema.org","@graph":[{"@type":"WebPage","@id":"https:\/\/www.bisly.com\/pl\/inteligentne-rozwiazaniabudynkowe\/rozwiazania-oswietleniowe-bisly","url":"https:\/\/www.bisly.com\/pl\/inteligentne-rozwiazaniabudynkowe\/rozwiazania-oswietleniowe-bisly","name":"Rozwi\u0105zania o\u015bwietleniowe Bisly - Bisly","isPartOf":{"@id":"https:\/\/www.bisly.com\/pl#website"},"primaryImageOfPage":{"@id":"https:\/\/www.bisly.com\/pl\/inteligentne-rozwiazaniabudynkowe\/rozwiazania-oswietleniowe-bisly#primaryimage"},"image":{"@id":"https:\/\/www.bisly.com\/pl\/inteligentne-rozwiazaniabudynkowe\/rozwiazania-oswietleniowe-bisly#primaryimage"},"thumbnailUrl":"https:\/\/www.bisly.com\/wp-content\/uploads\/2024\/09\/sensors@2x.png","datePublished":"2024-12-03T19:37:46+00:00","dateModified":"2025-11-17T13:08:47+00:00","description":"Najnowocze\u015bniejsze systemy o\u015bwietleniowe ze specjalnym sterowaniem i pe\u0142n\u0105 automatyk\u0105. Idealny do ka\u017cdego lokalu komercyjnego lub mieszkalnego","breadcrumb":{"@id":"https:\/\/www.bisly.com\/pl\/inteligentne-rozwiazaniabudynkowe\/rozwiazania-oswietleniowe-bisly#breadcrumb"},"inLanguage":"pl-PL","potentialAction":[{"@type":"ReadAction","target":["https:\/\/www.bisly.com\/pl\/inteligentne-rozwiazaniabudynkowe\/rozwiazania-oswietleniowe-bisly"]}]},{"@type":"ImageObject","inLanguage":"pl-PL","@id":"https:\/\/www.bisly.com\/pl\/inteligentne-rozwiazaniabudynkowe\/rozwiazania-oswietleniowe-bisly#primaryimage","url":"https:\/\/www.bisly.com\/wp-content\/uploads\/2024\/09\/sensors@2x.png","contentUrl":"https:\/\/www.bisly.com\/wp-content\/uploads\/2024\/09\/sensors@2x.png","width":1200,"height":984},{"@type":"BreadcrumbList","@id":"https:\/\/www.bisly.com\/pl\/inteligentne-rozwiazaniabudynkowe\/rozwiazania-oswietleniowe-bisly#breadcrumb","itemListElement":[{"@type":"ListItem","position":1,"name":"Home","item":"https:\/\/www.bisly.com\/pl"},{"@type":"ListItem","position":2,"name":"Innowacyjne rozwi\u0105zania","item":"https:\/\/www.bisly.com\/pl\/inteligentne-rozwiazaniabudynkowe"},{"@type":"ListItem","position":3,"name":"Rozwi\u0105zania o\u015bwietleniowe Bisly"}]},{"@type":"WebSite","@id":"https:\/\/www.bisly.com\/pl#website","url":"https:\/\/www.bisly.com\/pl","name":"Bisly","description":"","publisher":{"@id":"https:\/\/www.bisly.com\/pl#organization"},"potentialAction":[{"@type":"SearchAction","target":{"@type":"EntryPoint","urlTemplate":"https:\/\/www.bisly.com\/pl?s={search_term_string}"},"query-input":{"@type":"PropertyValueSpecification","valueRequired":true,"valueName":"search_term_string"}}],"inLanguage":"pl-PL"},{"@type":"Organization","@id":"https:\/\/www.bisly.com\/pl#organization","name":"Bisly","url":"https:\/\/www.bisly.com\/pl","logo":{"@type":"ImageObject","inLanguage":"pl-PL","@id":"https:\/\/www.bisly.com\/pl#\/schema\/logo\/image\/","url":"https:\/\/www.bisly.com\/wp-content\/uploads\/2024\/09\/bisly-logo.svg","contentUrl":"https:\/\/www.bisly.com\/wp-content\/uploads\/2024\/09\/bisly-logo.svg","width":120,"height":41,"caption":"Bisly"},"image":{"@id":"https:\/\/www.bisly.com\/pl#\/schema\/logo\/image\/"},"sameAs":["https:\/\/www.facebook.com\/bisly.tech\/","https:\/\/ee.linkedin.com\/company\/bislytech"]}]}},"_links":{"self":[{"href":"https:\/\/www.bisly.com\/pl\/wp-json\/wp\/v2\/pages\/9109","targetHints":{"allow":["GET"]}}],"collection":[{"href":"https:\/\/www.bisly.com\/pl\/wp-json\/wp\/v2\/pages"}],"about":[{"href":"https:\/\/www.bisly.com\/pl\/wp-json\/wp\/v2\/types\/page"}],"author":[{"embeddable":true,"href":"https:\/\/www.bisly.com\/pl\/wp-json\/wp\/v2\/users\/1"}],"replies":[{"embeddable":true,"href":"https:\/\/www.bisly.com\/pl\/wp-json\/wp\/v2\/comments?post=9109"}],"version-history":[{"count":8,"href":"https:\/\/www.bisly.com\/pl\/wp-json\/wp\/v2\/pages\/9109\/revisions"}],"predecessor-version":[{"id":9762,"href":"https:\/\/www.bisly.com\/pl\/wp-json\/wp\/v2\/pages\/9109\/revisions\/9762"}],"up":[{"embeddable":true,"href":"https:\/\/www.bisly.com\/pl\/wp-json\/wp\/v2\/pages\/8937"}],"wp:featuredmedia":[{"embeddable":true,"href":"https:\/\/www.bisly.com\/pl\/wp-json\/wp\/v2\/media\/9122"}],"wp:attachment":[{"href":"https:\/\/www.bisly.com\/pl\/wp-json\/wp\/v2\/media?parent=9109"}],"curies":[{"name":"wp","href":"https:\/\/api.w.org\/{rel}","templated":true}]}}