{"id":9751,"date":"2024-07-04T18:53:01","date_gmt":"2024-07-04T17:53:01","guid":{"rendered":"https:\/\/www.bisly.com\/blog"},"modified":"2025-11-17T13:53:40","modified_gmt":"2025-11-17T12:53:40","slug":"blog-pl","status":"publish","type":"page","link":"https:\/\/www.bisly.com\/pl\/blog-pl","title":{"rendered":"Blog"},"content":{"rendered":"","protected":false},"excerpt":{"rendered":"","protected":false},"author":1,"featured_media":0,"parent":0,"menu_order":8,"comment_status":"closed","ping_status":"closed","template":"template-posts.php","meta":{"_acf_changed":false,"footnotes":""},"class_list":["post-9751","page","type-page","status-publish","hentry"],"acf":[],"yoast_head":"<!-- This site is optimized with the Yoast SEO Premium plugin v23.5 (Yoast SEO v27.3) - https:\/\/yoast.com\/product\/yoast-seo-premium-wordpress\/ -->\n<title>Blog - Bisly<\/title>\n<meta name=\"description\" content=\"Tutaj znajdziesz aktualno\u015bci ze \u015bwiata automatyki budynkowej, studia przypadk\u00f3w oraz wpisy na blogu.Je\u015bli szukasz najwy\u017cszej klasy inteligentnych system\u00f3w budynkowych, nie musisz szuka\u0107 dalej\" \/>\n<meta name=\"robots\" content=\"index, follow, max-snippet:-1, max-image-preview:large, max-video-preview:-1\" \/>\n<link rel=\"canonical\" href=\"https:\/\/www.bisly.com\/pl\/blog-pl\" \/>\n<meta property=\"og:locale\" content=\"pl_PL\" \/>\n<meta property=\"og:type\" content=\"article\" \/>\n<meta property=\"og:title\" content=\"Blog\" \/>\n<meta property=\"og:description\" content=\"Tutaj znajdziesz aktualno\u015bci ze \u015bwiata automatyki budynkowej, studia przypadk\u00f3w oraz wpisy na blogu.Je\u015bli szukasz najwy\u017cszej klasy inteligentnych system\u00f3w budynkowych, nie musisz szuka\u0107 dalej\" \/>\n<meta property=\"og:url\" content=\"https:\/\/www.bisly.com\/pl\/blog-pl\" \/>\n<meta property=\"og:site_name\" content=\"Bisly\" \/>\n<meta property=\"article:publisher\" content=\"https:\/\/www.facebook.com\/bisly.tech\/\" \/>\n<meta property=\"article:modified_time\" content=\"2025-11-17T12:53:40+00:00\" \/>\n<meta name=\"twitter:card\" content=\"summary_large_image\" \/>\n<script type=\"application\/ld+json\" class=\"yoast-schema-graph\">{\"@context\":\"https:\\\/\\\/schema.org\",\"@graph\":[{\"@type\":\"WebPage\",\"@id\":\"https:\\\/\\\/www.bisly.com\\\/pl\\\/blog-pl\",\"url\":\"https:\\\/\\\/www.bisly.com\\\/pl\\\/blog-pl\",\"name\":\"Blog - Bisly\",\"isPartOf\":{\"@id\":\"https:\\\/\\\/www.bisly.com\\\/pl#website\"},\"datePublished\":\"2024-07-04T17:53:01+00:00\",\"dateModified\":\"2025-11-17T12:53:40+00:00\",\"description\":\"Tutaj znajdziesz aktualno\u015bci ze \u015bwiata automatyki budynkowej, studia przypadk\u00f3w oraz wpisy na blogu.Je\u015bli szukasz najwy\u017cszej klasy inteligentnych system\u00f3w budynkowych, nie musisz szuka\u0107 dalej\",\"breadcrumb\":{\"@id\":\"https:\\\/\\\/www.bisly.com\\\/pl\\\/blog-pl#breadcrumb\"},\"inLanguage\":\"pl-PL\",\"potentialAction\":[{\"@type\":\"ReadAction\",\"target\":[\"https:\\\/\\\/www.bisly.com\\\/pl\\\/blog-pl\"]}]},{\"@type\":\"BreadcrumbList\",\"@id\":\"https:\\\/\\\/www.bisly.com\\\/pl\\\/blog-pl#breadcrumb\",\"itemListElement\":[{\"@type\":\"ListItem\",\"position\":1,\"name\":\"Home\",\"item\":\"https:\\\/\\\/www.bisly.com\\\/pl\"},{\"@type\":\"ListItem\",\"position\":2,\"name\":\"Blog\"}]},{\"@type\":\"WebSite\",\"@id\":\"https:\\\/\\\/www.bisly.com\\\/pl#website\",\"url\":\"https:\\\/\\\/www.bisly.com\\\/pl\",\"name\":\"Bisly\",\"description\":\"\",\"publisher\":{\"@id\":\"https:\\\/\\\/www.bisly.com\\\/pl#organization\"},\"potentialAction\":[{\"@type\":\"SearchAction\",\"target\":{\"@type\":\"EntryPoint\",\"urlTemplate\":\"https:\\\/\\\/www.bisly.com\\\/pl?s={search_term_string}\"},\"query-input\":{\"@type\":\"PropertyValueSpecification\",\"valueRequired\":true,\"valueName\":\"search_term_string\"}}],\"inLanguage\":\"pl-PL\"},{\"@type\":\"Organization\",\"@id\":\"https:\\\/\\\/www.bisly.com\\\/pl#organization\",\"name\":\"Bisly\",\"url\":\"https:\\\/\\\/www.bisly.com\\\/pl\",\"logo\":{\"@type\":\"ImageObject\",\"inLanguage\":\"pl-PL\",\"@id\":\"https:\\\/\\\/www.bisly.com\\\/pl#\\\/schema\\\/logo\\\/image\\\/\",\"url\":\"https:\\\/\\\/www.bisly.com\\\/wp-content\\\/uploads\\\/2024\\\/09\\\/bisly-logo.svg\",\"contentUrl\":\"https:\\\/\\\/www.bisly.com\\\/wp-content\\\/uploads\\\/2024\\\/09\\\/bisly-logo.svg\",\"width\":120,\"height\":41,\"caption\":\"Bisly\"},\"image\":{\"@id\":\"https:\\\/\\\/www.bisly.com\\\/pl#\\\/schema\\\/logo\\\/image\\\/\"},\"sameAs\":[\"https:\\\/\\\/www.facebook.com\\\/bisly.tech\\\/\",\"https:\\\/\\\/ee.linkedin.com\\\/company\\\/bislytech\"]}]}<\/script>\n<!-- \/ Yoast SEO Premium plugin. -->","yoast_head_json":{"title":"Blog - Bisly","description":"Tutaj znajdziesz aktualno\u015bci ze \u015bwiata automatyki budynkowej, studia przypadk\u00f3w oraz wpisy na blogu.Je\u015bli szukasz najwy\u017cszej klasy inteligentnych system\u00f3w budynkowych, nie musisz szuka\u0107 dalej","robots":{"index":"index","follow":"follow","max-snippet":"max-snippet:-1","max-image-preview":"max-image-preview:large","max-video-preview":"max-video-preview:-1"},"canonical":"https:\/\/www.bisly.com\/pl\/blog-pl","og_locale":"pl_PL","og_type":"article","og_title":"Blog","og_description":"Tutaj znajdziesz aktualno\u015bci ze \u015bwiata automatyki budynkowej, studia przypadk\u00f3w oraz wpisy na blogu.Je\u015bli szukasz najwy\u017cszej klasy inteligentnych system\u00f3w budynkowych, nie musisz szuka\u0107 dalej","og_url":"https:\/\/www.bisly.com\/pl\/blog-pl","og_site_name":"Bisly","article_publisher":"https:\/\/www.facebook.com\/bisly.tech\/","article_modified_time":"2025-11-17T12:53:40+00:00","twitter_card":"summary_large_image","schema":{"@context":"https:\/\/schema.org","@graph":[{"@type":"WebPage","@id":"https:\/\/www.bisly.com\/pl\/blog-pl","url":"https:\/\/www.bisly.com\/pl\/blog-pl","name":"Blog - Bisly","isPartOf":{"@id":"https:\/\/www.bisly.com\/pl#website"},"datePublished":"2024-07-04T17:53:01+00:00","dateModified":"2025-11-17T12:53:40+00:00","description":"Tutaj znajdziesz aktualno\u015bci ze \u015bwiata automatyki budynkowej, studia przypadk\u00f3w oraz wpisy na blogu.Je\u015bli szukasz najwy\u017cszej klasy inteligentnych system\u00f3w budynkowych, nie musisz szuka\u0107 dalej","breadcrumb":{"@id":"https:\/\/www.bisly.com\/pl\/blog-pl#breadcrumb"},"inLanguage":"pl-PL","potentialAction":[{"@type":"ReadAction","target":["https:\/\/www.bisly.com\/pl\/blog-pl"]}]},{"@type":"BreadcrumbList","@id":"https:\/\/www.bisly.com\/pl\/blog-pl#breadcrumb","itemListElement":[{"@type":"ListItem","position":1,"name":"Home","item":"https:\/\/www.bisly.com\/pl"},{"@type":"ListItem","position":2,"name":"Blog"}]},{"@type":"WebSite","@id":"https:\/\/www.bisly.com\/pl#website","url":"https:\/\/www.bisly.com\/pl","name":"Bisly","description":"","publisher":{"@id":"https:\/\/www.bisly.com\/pl#organization"},"potentialAction":[{"@type":"SearchAction","target":{"@type":"EntryPoint","urlTemplate":"https:\/\/www.bisly.com\/pl?s={search_term_string}"},"query-input":{"@type":"PropertyValueSpecification","valueRequired":true,"valueName":"search_term_string"}}],"inLanguage":"pl-PL"},{"@type":"Organization","@id":"https:\/\/www.bisly.com\/pl#organization","name":"Bisly","url":"https:\/\/www.bisly.com\/pl","logo":{"@type":"ImageObject","inLanguage":"pl-PL","@id":"https:\/\/www.bisly.com\/pl#\/schema\/logo\/image\/","url":"https:\/\/www.bisly.com\/wp-content\/uploads\/2024\/09\/bisly-logo.svg","contentUrl":"https:\/\/www.bisly.com\/wp-content\/uploads\/2024\/09\/bisly-logo.svg","width":120,"height":41,"caption":"Bisly"},"image":{"@id":"https:\/\/www.bisly.com\/pl#\/schema\/logo\/image\/"},"sameAs":["https:\/\/www.facebook.com\/bisly.tech\/","https:\/\/ee.linkedin.com\/company\/bislytech"]}]}},"_links":{"self":[{"href":"https:\/\/www.bisly.com\/pl\/wp-json\/wp\/v2\/pages\/9751","targetHints":{"allow":["GET"]}}],"collection":[{"href":"https:\/\/www.bisly.com\/pl\/wp-json\/wp\/v2\/pages"}],"about":[{"href":"https:\/\/www.bisly.com\/pl\/wp-json\/wp\/v2\/types\/page"}],"author":[{"embeddable":true,"href":"https:\/\/www.bisly.com\/pl\/wp-json\/wp\/v2\/users\/1"}],"replies":[{"embeddable":true,"href":"https:\/\/www.bisly.com\/pl\/wp-json\/wp\/v2\/comments?post=9751"}],"version-history":[{"count":1,"href":"https:\/\/www.bisly.com\/pl\/wp-json\/wp\/v2\/pages\/9751\/revisions"}],"predecessor-version":[{"id":9752,"href":"https:\/\/www.bisly.com\/pl\/wp-json\/wp\/v2\/pages\/9751\/revisions\/9752"}],"wp:attachment":[{"href":"https:\/\/www.bisly.com\/pl\/wp-json\/wp\/v2\/media?parent=9751"}],"curies":[{"name":"wp","href":"https:\/\/api.w.org\/{rel}","templated":true}]}}